{"id":3,"date":"2022-03-04T15:10:36","date_gmt":"2022-03-04T15:10:36","guid":{"rendered":"https:\/\/dsmarketing.pt\/portico\/?page_id=3"},"modified":"2024-03-12T11:50:07","modified_gmt":"2024-03-12T11:50:07","slug":"politica-de-privacidade","status":"publish","type":"page","link":"https:\/\/portico.megabit.pt\/portico\/politica-de-privacidade\/","title":{"rendered":"Politica de Privacidade"},"content":{"rendered":"\n<p><\/p>\n\n\n\n<p>A P\u00f3rtico- Arquitetura e Engenharia, Lda, portadora do contribuinte n\u00ba 502460458, CAE 71120-R3, com sede na Rua do Bolh\u00e3o n\u00ba 53, 3\u00ba Andar, 4000-112 Porto;<\/p>\n\n\n\n<p><strong>1<\/strong>-Informa e estabelece o compromisso de que os dados fornecidos por si atrav\u00e9s da documenta\u00e7\u00e3o necess\u00e1ria para o identificar como pessoa singular ou representante da Empresa\/Organismo. Ser\u00e3o tratados do seguinte modo:<\/p>\n\n\n\n<ul class=\"wp-block-list\">\n<li>Recolha de dados:\n<ul class=\"wp-block-list\">\n<li>Nome<\/li>\n\n\n\n<li>Morada<\/li>\n\n\n\n<li>NIF<\/li>\n\n\n\n<li>NIC<\/li>\n\n\n\n<li>Endere\u00e7o Eletr\u00f3nico<\/li>\n\n\n\n<li>N\u00ba Telefone fixo e telem\u00f3vel<\/li>\n\n\n\n<li>IBAN<\/li>\n\n\n\n<li>Registo Criminal (se aplic\u00e1vel)<\/li>\n<\/ul>\n<\/li>\n<\/ul>\n\n\n\n<ul class=\"wp-block-list\">\n<li>Respons\u00e1vel pelo tratamento dos dados pessoais:\n<ul class=\"wp-block-list\">\n<li>AT:DPO (Encarregado da Prote\u00e7\u00e3o de Dados)<\/li>\n\n\n\n<li>Endere\u00e7o Eletr\u00f3nico:\u00a0<a href=\"mailto:geral@portico.com.pt\">geral@portico.com.pt<\/a><\/li>\n\n\n\n<li>Morada: Rua do Bolh\u00e3o n\u00ba 53, 3\u00ba Andar \u2013 4000-112 Porto<\/li>\n<\/ul>\n<\/li>\n<\/ul>\n\n\n\n<ul class=\"wp-block-list\">\n<li>Utiliza\u00e7\u00e3o e partilha dos dados pessoais para:<\/li>\n\n\n\n<li>Cumprimento das obriga\u00e7\u00f5es contratuais assumidas com os seus parceiros (clientes, fornecedores, entidades financeiras e colaboradores internos), assim como gerir a rela\u00e7\u00e3o comercial; nomeadamente cumprir a legisla\u00e7\u00e3o.<\/li>\n\n\n\n<li>e\/ou<\/li>\n\n\n\n<li>Comunicar qualquer iniciativa publicit\u00e1ria relativa aos servi\u00e7os prestados e\/ou a prestar<\/li>\n\n\n\n<li>Forma e recolha dos dados pessoais\n<ul class=\"wp-block-list\">\n<li>Quando h\u00e1 ofertas curriculares de emprego ou de servi\u00e7os<\/li>\n\n\n\n<li>Quando h\u00e1 uma publica\u00e7\u00e3o<\/li>\n\n\n\n<li>Quando h\u00e1 um convite<\/li>\n<\/ul>\n<\/li>\n\n\n\n<li>Os dados pessoais podem ser recolhidos pelos seguintes meios\n<ul class=\"wp-block-list\">\n<li>Plataformas, Concursos<\/li>\n\n\n\n<li>Via correio eletr\u00f3nico, disponibilizado<\/li>\n\n\n\n<li>Websites, disponibilizado<\/li>\n\n\n\n<li>Chamadas telef\u00f3nicos, que realizou ou realizamos<\/li>\n\n\n\n<li>Parcerias comerciais<\/li>\n\n\n\n<li>Contratos estabelecidos<\/li>\n\n\n\n<li>Contatos fornecidos pelas pessoa quando adquire, subscreve, ou regista pedidos de propostas de pre\u00e7o ou ofertas de servi\u00e7o<\/li>\n<\/ul>\n<\/li>\n<\/ul>\n\n\n\n<ul class=\"wp-block-list\">\n<li>Finalidade dos dados recolhidos\n<ul class=\"wp-block-list\">\n<li>Abertura e\/ou atualiza\u00e7\u00e3o do processo (cliente, fornecedor ou colaborador)<\/li>\n\n\n\n<li>Registo para resposta \u00e0 solicita\u00e7\u00e3o de contactos que estabeleceu connosco<\/li>\n\n\n\n<li>Registo de refer\u00eancia do servi\u00e7o<\/li>\n\n\n\n<li>Envio de newsletter e informa\u00e7\u00f5es comerciais<\/li>\n\n\n\n<li>Cumprimento de obriga\u00e7\u00f5es legais ou regulamentares<\/li>\n\n\n\n<li>Presta\u00e7\u00e3o de servi\u00e7o (contratos ou aditamentos) no \u00e2mbito do CAE 71120-R3-Engenharia e T\u00e9cnicas Afins:\n<ul class=\"wp-block-list\">\n<li>Actividades de arquitectura, de engenharia e t\u00e9cnicas afins, consultoria e presta\u00e7\u00e3o de servi\u00e7os, fiscaliza\u00e7\u00e3o e direc\u00e7\u00e3o t\u00e9cnica de obras, topografia, gest\u00e3o da qualidade em empreendimentos de constru\u00e7\u00e3o, elabora\u00e7\u00e3o de projectos de engenharia e arquitectura, servi\u00e7os de seguran\u00e7a e sa\u00fade do trabalho, certifica\u00e7\u00e3o energ\u00e9tica, medidas de auto-protec\u00e7\u00e3o, peritagens e avalia\u00e7\u00e3o imobili\u00e1ria.<\/li>\n<\/ul>\n<\/li>\n\n\n\n<li>Para a fatura\u00e7\u00e3o dos servi\u00e7os prestados<\/li>\n\n\n\n<li>Para registos e tratamento de reclama\u00e7\u00f5es dos parceiros<\/li>\n\n\n\n<li>Para registos e tratamento dos inqu\u00e9ritos de avalia\u00e7\u00e3o e satisfa\u00e7\u00e3o dos parceiros<\/li>\n<\/ul>\n<\/li>\n<\/ul>\n\n\n\n<p>Os dados recolhidos s\u00e3o os necess\u00e1rios, adequados (n\u00e3o excessivos) expl\u00edcitos e leg\u00edtimos enquadrados no \u00e2mbito da presta\u00e7\u00e3o da atividade da P\u00f3rtico-Arquitetura e Engenharia, Lda.<\/p>\n\n\n\n<p><strong>2<\/strong>-Relativamente ao seu consentimento O Parceiro (clientes, fornecedores, entidades financeiras e colaboradores internos) aceita e consente&nbsp; expressamente, nos termos aqui previstos e no RGPD, autorizar que os dados pessoais solicitados ou fornecedores por si inequivocamente sejam recolhidos e tratados pela P\u00f3rtico-Arquitetura e Engenharia, Lda.&nbsp;<\/p>\n\n\n\n<p>Os dados disponibilizados pelos parceiros&nbsp;ser\u00e3o tratados sob a responsabilidade da P\u00f3rtico-Arquitetura e Engenharia, Lda., atrav\u00e9s do procedimento (por meios automatizados ou n\u00e3o automatizados) permitindo aos mesmos o conhecimento dos seus direitos de :<\/p>\n\n\n\n<ul class=\"wp-block-list\">\n<li>Aceder aos mesmos, (direito que lhe permite obter informa\u00e7\u00e3o relativamente ao tratamento dos seus dados e respetivas carater\u00edsticas, nomeadamente o tipo de dados, a finalidade do tratamento, a quem podem ser comunicados os seus dados, prazos de conserva\u00e7\u00e3o e quais os dados que tem de fornecer obrigat\u00f3ria ou facultativamente)<\/li>\n\n\n\n<li>Solicitar a portabilidade dos dados pessoais, (direito atrav\u00e9s do qual poder\u00e1 solicitar o envio dos seus dados, em formato digital e do uso corrente, que permita a reutiliza\u00e7\u00e3o de tais dados. Em alternativa, poder\u00e1 solicitar a transmiss\u00e3o dos seus dados para outra entidade que passe a ser respons\u00e1vel pelo tratamento dos seus dados)<\/li>\n\n\n\n<li>Proceder \u00e0 retifica\u00e7\u00e3o dos dados que tenha fornecido, (direito que lhe permite solicitar a retifica\u00e7\u00e3o dos seus dados exigindo que estes sejam exatos e atuais, como por exemplo, quando considere que os mesmos est\u00e3o incompletos ou desatualizados)<\/li>\n\n\n\n<li>Opor-se ao tratamento dos dados (inclusive a retirada do seu consentimento) para determinados fins por exemplo: publicit\u00e1rios, (direito que lhe permite opor-se a determinadas finalidades e desde que n\u00e3o se verifiquem interesses leg\u00edtimos que prevale\u00e7am sobre os seus interessados)<\/li>\n\n\n\n<li>Impor limita\u00e7\u00f5es ao tratamento de dados (direito que lhe permite a suspens\u00e3o do tratamento ou a limita\u00e7\u00e3o do tratamento de certas categorias de dados ou finalidades)<\/li>\n\n\n\n<li>Solicitar o apagamento ou elimina\u00e7\u00e3o de dados pessoais que tenham sido fornecidos (direito que lhe permite solicitar a elimina\u00e7\u00e3o dos seus dados, quando considere que n\u00e3o existem fundamentos v\u00e1lidos para conserva\u00e7\u00e3o dos dados e desde que n\u00e3o exista outro fundamento v\u00e1lido que legitime tal o tratamento (como a execu\u00e7\u00e3o de um contrato ou o cumprimento de uma obriga\u00e7\u00e3o legal ou regulamentar)<\/li>\n\n\n\n<li>Retirar o consentimento (direito que lhe permite retirar o seu consentimento, mas que apenas pode ser exerc\u00edcio quando o seu consentimento seja a \u00fanica condi\u00e7\u00e3o de legitimidade)<\/li>\n\n\n\n<li>Comunicar a inten\u00e7\u00e3o de utilizar os dados pessoais para outros fins que os n\u00e3o o que foram previstos no consentimento<\/li>\n<\/ul>\n\n\n\n<ul class=\"wp-block-list\">\n<li>Os seus dados ser\u00e3o armazenados e conservados&nbsp;conforme o acordo e finalidade para a qual a informa\u00e7\u00e3o \u00e9 tratada.<\/li>\n<\/ul>\n\n\n\n<p>Os dados ser\u00e3o armazenados e conservados apenas pelo per\u00edodo m\u00ednimo necess\u00e1rio para o fim que motivaram a recolha ou o seu posterior tratamento findo o qual os mesmos ser\u00e3o eliminados, e em conformidade com as obriga\u00e7\u00f5es legais.<\/p>\n\n\n\n<p>(Pelo per\u00edodo necess\u00e1rio \u00e0 presta\u00e7\u00e3o de servi\u00e7o)<\/p>\n\n\n\n<p>(Pelo per\u00edodo necess\u00e1rio \u00e0 fatura\u00e7\u00e3o da presta\u00e7\u00e3o do servi\u00e7o)<\/p>\n\n\n\n<p>(Pelo per\u00edodo necess\u00e1rio \u00e0s obriga\u00e7\u00f5es legais)<\/p>\n\n\n\n<ul class=\"wp-block-list\">\n<li>Como exercer os seus direitos\u00a0todos os direitos supra descritos poder\u00e3o ser exercidos, com as limita\u00e7\u00f5es previstas na legisla\u00e7\u00e3o aplic\u00e1vel, mediante pedido por escrito, a ser remetido atrav\u00e9s do e-mail <a href=\"mailto:geral@portico.com.pt\">geral@portico.com.pt<\/a>.<\/li>\n<\/ul>\n\n\n\n<p>De igual forma poder\u00e1 remeter quest\u00f5es relacionadas com o tratamento dos seus dados, diretamente junto do Encarregado de Prote\u00e7\u00e3o de Dados, atrav\u00e9s do e-mail indicado.<\/p>\n\n\n\n<p>Poder\u00e1 ainda apresentar qualquer reclama\u00e7\u00e3o junto da Autoridade Nacional de Controlo.<\/p>\n\n\n\n<ul class=\"wp-block-list\">\n<li>A garantia da prote\u00e7\u00e3o dos seus dados&nbsp;contra qualquer aceso ou utiliza\u00e7\u00e3o indevida ou n\u00e3o autorizada, perda, altera\u00e7\u00e3o ou destrui\u00e7\u00e3o, ser\u00e1 garantida com medidas de seguran\u00e7a que adotou, de car\u00e1ter t\u00e9cnico e organizativo, implementados internamente e externamente.<\/li>\n<\/ul>\n\n\n\n<ul class=\"wp-block-list\">\n<li>N\u00e3o obstante, as medidas de seguran\u00e7a praticadas, o utilizador deve assegurar que utiliza equipamento e um browser atualizados em forma de seguran\u00e7a, adequadamente configurados (com firewall ativa, antiv\u00edrus e anti spyware, para al\u00e9m de verificar a autenticidade dos sites que visualiza na internet).<\/li>\n\n\n\n<li>Alertamos que a informa\u00e7\u00e3o intercetada por terceiros poder\u00e1 ocorrer.<\/li>\n\n\n\n<li>Informa\u00e7\u00e3o recebida no envio diferenciado de e-mails desconhecidos:<\/li>\n<\/ul>\n\n\n\n<p>Spaning n\u00e3o ser\u00e1 utilizada, sen\u00e3o para os fins anteriormente descritos. Nestes termos se receber informa\u00e7\u00e3o que envolva um caso de spam, diretamente ou indiretamente, contacte-nos por favor:\u00a0<a href=\"mailto:geral@portico.com.pt\">geral@portico.com.pt<\/a><\/p>\n\n\n\n<p>Conformidade com a lei&nbsp;A P\u00f3rtico-Arquitetura e Engenharia, Lda., cumpre o disposto no regulamento (UE) 2016\/2017 do Parlamento Europeu e do Conselho de 27 de Abril de 2016 , relativo \u00e0 Prote\u00e7\u00e3o de Dados pessoais e \u00e0 livre circula\u00e7\u00e3o desses dados.<\/p>\n\n\n\n<ul class=\"wp-block-list\">\n<li>A eventual transfer\u00eancia de dados&nbsp;para fora de Portugal ou&nbsp; para pa\u00edses Terceiros pertencente \u00e0 U.E ou ao Espa\u00e7o Econ\u00f3mico Europeu, obrigar\u00e1 ao cumprimento das obriga\u00e7\u00f5es legais daquele Pa\u00eds, nomeadamente \u00e0 prote\u00e7\u00e3o de dados pessoais e aos requisitos que s\u00e3o aplic\u00e1veis &nbsp;a estas transfer\u00eancias.<\/li>\n<\/ul>\n\n\n\n<p>&nbsp; A P\u00f3rtico-Arquitetura e Engenharia, Lda., reserva-se do direito de proceder \u00e0s altera\u00e7\u00f5es \u00e0 Pol\u00edtica de Privacidade, que poder\u00e3o ocorrer a qualquer altura, procedendo-se a reajustamentos ou altera\u00e7\u00f5es, ou altera\u00e7\u00f5es \u00e0 presente pol\u00edtica do consentimento. Essas altera\u00e7\u00f5es ser\u00e3o publicadas no site da Empresa:&nbsp;<a href=\"http:\/\/www.portico.com.pt\/\">www.portico.com.pt<\/a>&nbsp;e internamente na P\u00f3rtico-Arquitetura e Engenharia, Lda., sem necessidade de qualquer aviso pr\u00e9vio.<\/p>\n\n\n\n<p>A nossa&nbsp;Miss\u00e3o, a nossa&nbsp;Vis\u00e3o&nbsp;e a nossa&nbsp;Conduta \u00c9tica&nbsp;v\u00e3o ao encontro do&nbsp;RGPD.<\/p>\n","protected":false},"excerpt":{"rendered":"<p>A P\u00f3rtico- Arquitetura e Engenharia, Lda, portadora do contribuinte n\u00ba 502460458, CAE 71120-R3, com sede na Rua do Bolh\u00e3o n\u00ba 53, 3\u00ba Andar, 4000-112 Porto; 1-Informa e estabelece o compromisso de que os dados fornecidos por si atrav\u00e9s da documenta\u00e7\u00e3o necess\u00e1ria para o identificar como pessoa singular ou representante da Empresa\/Organismo. Ser\u00e3o tratados do seguinte&hellip;&nbsp;<a href=\"https:\/\/portico.megabit.pt\/portico\/politica-de-privacidade\/\" class=\"\" rel=\"bookmark\">Ler mais &raquo;<span class=\"screen-reader-text\">Politica de Privacidade<\/span><\/a><\/p>\n","protected":false},"author":1,"featured_media":0,"parent":0,"menu_order":0,"comment_status":"closed","ping_status":"closed","template":"","meta":{"_monsterinsights_skip_tracking":false,"_monsterinsights_sitenote_active":false,"_monsterinsights_sitenote_note":"","_monsterinsights_sitenote_category":0,"neve_meta_sidebar":"","neve_meta_container":"","neve_meta_enable_content_width":"","neve_meta_content_width":0,"neve_meta_title_alignment":"","neve_meta_author_avatar":"","neve_post_elements_order":"","neve_meta_disable_header":"","neve_meta_disable_footer":"","neve_meta_disable_title":"","_themeisle_gutenberg_block_has_review":false,"_ti_tpc_template_sync":false,"_ti_tpc_template_id":"","footnotes":""},"class_list":["post-3","page","type-page","status-publish","hentry"],"yoast_head":"<!-- This site is optimized with the Yoast SEO plugin v22.0 - https:\/\/yoast.com\/wordpress\/plugins\/seo\/ -->\n<title>Politica de Privacidade - P\u00f3rtico - Arquitetura e Engenharia, Lda<\/title>\n<meta name=\"robots\" content=\"index, follow, max-snippet:-1, max-image-preview:large, max-video-preview:-1\" \/>\n<link rel=\"canonical\" href=\"https:\/\/portico.megabit.pt\/portico\/politica-de-privacidade\/\" \/>\n<meta property=\"og:locale\" content=\"pt_PT\" \/>\n<meta property=\"og:type\" content=\"article\" \/>\n<meta property=\"og:title\" content=\"Politica de Privacidade - P\u00f3rtico - Arquitetura e Engenharia, Lda\" \/>\n<meta property=\"og:description\" content=\"A P\u00f3rtico- Arquitetura e Engenharia, Lda, portadora do contribuinte n\u00ba 502460458, CAE 71120-R3, com sede na Rua do Bolh\u00e3o n\u00ba 53, 3\u00ba Andar, 4000-112 Porto; 1-Informa e estabelece o compromisso de que os dados fornecidos por si atrav\u00e9s da documenta\u00e7\u00e3o necess\u00e1ria para o identificar como pessoa singular ou representante da Empresa\/Organismo. Ser\u00e3o tratados do seguinte&hellip;&nbsp;Ler mais &raquo;Politica de Privacidade\" \/>\n<meta property=\"og:url\" content=\"https:\/\/portico.megabit.pt\/portico\/politica-de-privacidade\/\" \/>\n<meta property=\"og:site_name\" content=\"P\u00f3rtico - Arquitetura e Engenharia, Lda\" \/>\n<meta property=\"article:modified_time\" content=\"2024-03-12T11:50:07+00:00\" \/>\n<meta name=\"twitter:card\" content=\"summary_large_image\" \/>\n<meta name=\"twitter:label1\" content=\"Tempo estimado de leitura\" \/>\n\t<meta name=\"twitter:data1\" content=\"7 minutos\" \/>\n<script type=\"application\/ld+json\" class=\"yoast-schema-graph\">{\"@context\":\"https:\/\/schema.org\",\"@graph\":[{\"@type\":\"WebPage\",\"@id\":\"https:\/\/portico.megabit.pt\/portico\/politica-de-privacidade\/\",\"url\":\"https:\/\/portico.megabit.pt\/portico\/politica-de-privacidade\/\",\"name\":\"Politica de Privacidade - P\u00f3rtico - Arquitetura e Engenharia, Lda\",\"isPartOf\":{\"@id\":\"https:\/\/portico.megabit.pt\/portico\/#website\"},\"datePublished\":\"2022-03-04T15:10:36+00:00\",\"dateModified\":\"2024-03-12T11:50:07+00:00\",\"breadcrumb\":{\"@id\":\"https:\/\/portico.megabit.pt\/portico\/politica-de-privacidade\/#breadcrumb\"},\"inLanguage\":\"pt-PT\",\"potentialAction\":[{\"@type\":\"ReadAction\",\"target\":[\"https:\/\/portico.megabit.pt\/portico\/politica-de-privacidade\/\"]}]},{\"@type\":\"BreadcrumbList\",\"@id\":\"https:\/\/portico.megabit.pt\/portico\/politica-de-privacidade\/#breadcrumb\",\"itemListElement\":[{\"@type\":\"ListItem\",\"position\":1,\"name\":\"In\u00edcio\",\"item\":\"https:\/\/portico.megabit.pt\/portico\/\"},{\"@type\":\"ListItem\",\"position\":2,\"name\":\"Politica de Privacidade\"}]},{\"@type\":\"WebSite\",\"@id\":\"https:\/\/portico.megabit.pt\/portico\/#website\",\"url\":\"https:\/\/portico.megabit.pt\/portico\/\",\"name\":\"P\u00f3rtico - Arquitetura e Engenharia, Lda\",\"description\":\"Arquitetura e Engenharia, Lda.\",\"publisher\":{\"@id\":\"https:\/\/portico.megabit.pt\/portico\/#organization\"},\"potentialAction\":[{\"@type\":\"SearchAction\",\"target\":{\"@type\":\"EntryPoint\",\"urlTemplate\":\"https:\/\/portico.megabit.pt\/portico\/?s={search_term_string}\"},\"query-input\":\"required name=search_term_string\"}],\"inLanguage\":\"pt-PT\"},{\"@type\":\"Organization\",\"@id\":\"https:\/\/portico.megabit.pt\/portico\/#organization\",\"name\":\"P\u00f3rtico - Arquitetura e Engenharia, Lda\",\"url\":\"https:\/\/portico.megabit.pt\/portico\/\",\"logo\":{\"@type\":\"ImageObject\",\"inLanguage\":\"pt-PT\",\"@id\":\"https:\/\/portico.megabit.pt\/portico\/#\/schema\/logo\/image\/\",\"url\":\"https:\/\/portico.megabit.pt\/portico\/wp-content\/uploads\/2020\/12\/Group-2-1.png\",\"contentUrl\":\"https:\/\/portico.megabit.pt\/portico\/wp-content\/uploads\/2020\/12\/Group-2-1.png\",\"width\":210,\"height\":369,\"caption\":\"P\u00f3rtico - Arquitetura e Engenharia, Lda\"},\"image\":{\"@id\":\"https:\/\/portico.megabit.pt\/portico\/#\/schema\/logo\/image\/\"}}]}<\/script>\n<!-- \/ Yoast SEO plugin. -->","yoast_head_json":{"title":"Politica de Privacidade - P\u00f3rtico - Arquitetura e Engenharia, Lda","robots":{"index":"index","follow":"follow","max-snippet":"max-snippet:-1","max-image-preview":"max-image-preview:large","max-video-preview":"max-video-preview:-1"},"canonical":"https:\/\/portico.megabit.pt\/portico\/politica-de-privacidade\/","og_locale":"pt_PT","og_type":"article","og_title":"Politica de Privacidade - P\u00f3rtico - Arquitetura e Engenharia, Lda","og_description":"A P\u00f3rtico- Arquitetura e Engenharia, Lda, portadora do contribuinte n\u00ba 502460458, CAE 71120-R3, com sede na Rua do Bolh\u00e3o n\u00ba 53, 3\u00ba Andar, 4000-112 Porto; 1-Informa e estabelece o compromisso de que os dados fornecidos por si atrav\u00e9s da documenta\u00e7\u00e3o necess\u00e1ria para o identificar como pessoa singular ou representante da Empresa\/Organismo. Ser\u00e3o tratados do seguinte&hellip;&nbsp;Ler mais &raquo;Politica de Privacidade","og_url":"https:\/\/portico.megabit.pt\/portico\/politica-de-privacidade\/","og_site_name":"P\u00f3rtico - Arquitetura e Engenharia, Lda","article_modified_time":"2024-03-12T11:50:07+00:00","twitter_card":"summary_large_image","twitter_misc":{"Tempo estimado de leitura":"7 minutos"},"schema":{"@context":"https:\/\/schema.org","@graph":[{"@type":"WebPage","@id":"https:\/\/portico.megabit.pt\/portico\/politica-de-privacidade\/","url":"https:\/\/portico.megabit.pt\/portico\/politica-de-privacidade\/","name":"Politica de Privacidade - P\u00f3rtico - Arquitetura e Engenharia, Lda","isPartOf":{"@id":"https:\/\/portico.megabit.pt\/portico\/#website"},"datePublished":"2022-03-04T15:10:36+00:00","dateModified":"2024-03-12T11:50:07+00:00","breadcrumb":{"@id":"https:\/\/portico.megabit.pt\/portico\/politica-de-privacidade\/#breadcrumb"},"inLanguage":"pt-PT","potentialAction":[{"@type":"ReadAction","target":["https:\/\/portico.megabit.pt\/portico\/politica-de-privacidade\/"]}]},{"@type":"BreadcrumbList","@id":"https:\/\/portico.megabit.pt\/portico\/politica-de-privacidade\/#breadcrumb","itemListElement":[{"@type":"ListItem","position":1,"name":"In\u00edcio","item":"https:\/\/portico.megabit.pt\/portico\/"},{"@type":"ListItem","position":2,"name":"Politica de Privacidade"}]},{"@type":"WebSite","@id":"https:\/\/portico.megabit.pt\/portico\/#website","url":"https:\/\/portico.megabit.pt\/portico\/","name":"P\u00f3rtico - Arquitetura e Engenharia, Lda","description":"Arquitetura e Engenharia, Lda.","publisher":{"@id":"https:\/\/portico.megabit.pt\/portico\/#organization"},"potentialAction":[{"@type":"SearchAction","target":{"@type":"EntryPoint","urlTemplate":"https:\/\/portico.megabit.pt\/portico\/?s={search_term_string}"},"query-input":"required name=search_term_string"}],"inLanguage":"pt-PT"},{"@type":"Organization","@id":"https:\/\/portico.megabit.pt\/portico\/#organization","name":"P\u00f3rtico - Arquitetura e Engenharia, Lda","url":"https:\/\/portico.megabit.pt\/portico\/","logo":{"@type":"ImageObject","inLanguage":"pt-PT","@id":"https:\/\/portico.megabit.pt\/portico\/#\/schema\/logo\/image\/","url":"https:\/\/portico.megabit.pt\/portico\/wp-content\/uploads\/2020\/12\/Group-2-1.png","contentUrl":"https:\/\/portico.megabit.pt\/portico\/wp-content\/uploads\/2020\/12\/Group-2-1.png","width":210,"height":369,"caption":"P\u00f3rtico - Arquitetura e Engenharia, Lda"},"image":{"@id":"https:\/\/portico.megabit.pt\/portico\/#\/schema\/logo\/image\/"}}]}},"_links":{"self":[{"href":"https:\/\/portico.megabit.pt\/portico\/wp-json\/wp\/v2\/pages\/3","targetHints":{"allow":["GET"]}}],"collection":[{"href":"https:\/\/portico.megabit.pt\/portico\/wp-json\/wp\/v2\/pages"}],"about":[{"href":"https:\/\/portico.megabit.pt\/portico\/wp-json\/wp\/v2\/types\/page"}],"author":[{"embeddable":true,"href":"https:\/\/portico.megabit.pt\/portico\/wp-json\/wp\/v2\/users\/1"}],"replies":[{"embeddable":true,"href":"https:\/\/portico.megabit.pt\/portico\/wp-json\/wp\/v2\/comments?post=3"}],"version-history":[{"count":13,"href":"https:\/\/portico.megabit.pt\/portico\/wp-json\/wp\/v2\/pages\/3\/revisions"}],"predecessor-version":[{"id":28876,"href":"https:\/\/portico.megabit.pt\/portico\/wp-json\/wp\/v2\/pages\/3\/revisions\/28876"}],"wp:attachment":[{"href":"https:\/\/portico.megabit.pt\/portico\/wp-json\/wp\/v2\/media?parent=3"}],"curies":[{"name":"wp","href":"https:\/\/api.w.org\/{rel}","templated":true}]}}