{"id":28529,"date":"2024-02-28T14:26:20","date_gmt":"2024-02-28T14:26:20","guid":{"rendered":"https:\/\/dsmarketing.pt\/portico\/?page_id=28529"},"modified":"2024-02-28T14:26:21","modified_gmt":"2024-02-28T14:26:21","slug":"livro-de-reclamacoes","status":"publish","type":"page","link":"https:\/\/portico.megabit.pt\/portico\/livro-de-reclamacoes\/","title":{"rendered":"Livro de reclama\u00e7\u00f5es"},"content":{"rendered":"\n<p><strong>Reclama\u00e7\u00f5es \/ Sugest\u00f5es \/ Cr\u00edticas<\/strong><\/p>\n\n\n\n<p>Use o seguinte formul\u00e1rio para fazer alguma reclama\u00e7\u00e3o, sugest\u00e3o ou cr\u00edtica sobre a P\u00f3rtico e servi\u00e7os associados.<\/p>\n\n\n\n<p>A\u00a0<strong>P\u00f3rtico &#8211; Arquitetura e Engenharia, Lda<\/strong>,\u00a0NIF:\u00a0<strong>502460458<\/strong>,\u00a0CAE:\u00a0<strong>71120-R3<\/strong>\u00a0e com morada da Sede:\u00a0<strong>Rua do Bolh\u00e3o n\u00ba 53-3\u00ba Andar \u2013 4000-112 Porto<\/strong>\u00a0ser\u00e1 respons\u00e1vel pelo tratamento da informa\u00e7\u00e3o e an\u00e1lise de dados.<\/p>\n\n\n\n<p>A\u00a0<strong>P\u00f3rtico &#8211;<\/strong> <strong>Arquitetura e Engenharia, Lda<\/strong>, assume de acordo com as pol\u00edticas de prote\u00e7\u00e3o de dados que o contato ser\u00e1 usado apenas para fins de tratamento ao seu contato e sem fins promocionais e comerciais.<\/p>\n\n\n<div class=\"wpforms-container wpforms-container-full wpforms-block wpforms-block-f822229d-1f5d-449c-94f9-4f69f136b987\" id=\"wpforms-416\"><form id=\"wpforms-form-416\" class=\"wpforms-validate wpforms-form wpforms-ajax-form\" data-formid=\"416\" method=\"post\" enctype=\"multipart\/form-data\" action=\"\/portico\/wp-json\/wp\/v2\/pages\/28529\" data-token=\"fd9243048b9ef89c1a9334438b0111cc\"><noscript class=\"wpforms-error-noscript\">Please enable JavaScript in your browser to complete this form.<\/noscript><div class=\"wpforms-field-container\"><div id=\"wpforms-416-field_0-container\" class=\"wpforms-field wpforms-field-name\" data-field-id=\"0\"><label class=\"wpforms-field-label\" for=\"wpforms-416-field_0\">Nome <span class=\"wpforms-required-label\">*<\/span><\/label><input type=\"text\" id=\"wpforms-416-field_0\" class=\"wpforms-field-medium wpforms-field-required\" name=\"wpforms[fields][0]\" required><\/div><div id=\"wpforms-416-field_1-container\" class=\"wpforms-field wpforms-field-email\" data-field-id=\"1\"><label class=\"wpforms-field-label\" for=\"wpforms-416-field_1\">Email <span class=\"wpforms-required-label\">*<\/span><\/label><input type=\"email\" id=\"wpforms-416-field_1\" class=\"wpforms-field-medium wpforms-field-required\" name=\"wpforms[fields][1]\" spellcheck=\"false\" required><\/div><div id=\"wpforms-416-field_4-container\" class=\"wpforms-field wpforms-field-name\" data-field-id=\"4\"><label class=\"wpforms-field-label\" for=\"wpforms-416-field_4\">Assunto <span class=\"wpforms-required-label\">*<\/span><\/label><input type=\"text\" id=\"wpforms-416-field_4\" class=\"wpforms-field-medium wpforms-field-required\" name=\"wpforms[fields][4]\" required><\/div><div id=\"wpforms-416-field_2-container\" class=\"wpforms-field wpforms-field-textarea\" data-field-id=\"2\"><label class=\"wpforms-field-label\" for=\"wpforms-416-field_2\">Coment\u00e1rio ou Mensagem <span class=\"wpforms-required-label\">*<\/span><\/label><textarea id=\"wpforms-416-field_2\" class=\"wpforms-field-medium wpforms-field-required\" name=\"wpforms[fields][2]\" required><\/textarea><\/div><\/div><!-- .wpforms-field-container --><div class=\"wpforms-submit-container\" ><input type=\"hidden\" name=\"wpforms[id]\" value=\"416\"><input type=\"hidden\" name=\"wpforms[author]\" value=\"1\"><button type=\"submit\" name=\"wpforms[submit]\" id=\"wpforms-submit-416\" class=\"wpforms-submit\" data-alt-text=\"Sending...\" data-submit-text=\"Enviar\" aria-live=\"assertive\" value=\"wpforms-submit\">Enviar<\/button><img loading=\"lazy\" decoding=\"async\" src=\"https:\/\/portico.megabit.pt\/portico\/wp-content\/plugins\/wpforms-lite\/assets\/images\/submit-spin.svg\" class=\"wpforms-submit-spinner\" style=\"display: none;\" width=\"26\" height=\"26\" alt=\"Loading\"><\/div><\/form><\/div>  <!-- .wpforms-container -->","protected":false},"excerpt":{"rendered":"<p>Reclama\u00e7\u00f5es \/ Sugest\u00f5es \/ Cr\u00edticas Use o seguinte formul\u00e1rio para fazer alguma reclama\u00e7\u00e3o, sugest\u00e3o ou cr\u00edtica sobre a P\u00f3rtico e servi\u00e7os associados. A\u00a0P\u00f3rtico &#8211; Arquitetura e Engenharia, Lda,\u00a0NIF:\u00a0502460458,\u00a0CAE:\u00a071120-R3\u00a0e com morada da Sede:\u00a0Rua do Bolh\u00e3o n\u00ba 53-3\u00ba Andar \u2013 4000-112 Porto\u00a0ser\u00e1 respons\u00e1vel pelo tratamento da informa\u00e7\u00e3o e an\u00e1lise de dados. A\u00a0P\u00f3rtico &#8211; Arquitetura e Engenharia, Lda,&hellip;&nbsp;<a href=\"https:\/\/portico.megabit.pt\/portico\/livro-de-reclamacoes\/\" class=\"\" rel=\"bookmark\">Ler mais &raquo;<span class=\"screen-reader-text\">Livro de reclama\u00e7\u00f5es<\/span><\/a><\/p>\n","protected":false},"author":1,"featured_media":0,"parent":0,"menu_order":0,"comment_status":"closed","ping_status":"closed","template":"","meta":{"_monsterinsights_skip_tracking":false,"_monsterinsights_sitenote_active":false,"_monsterinsights_sitenote_note":"","_monsterinsights_sitenote_category":0,"neve_meta_sidebar":"","neve_meta_container":"","neve_meta_enable_content_width":"","neve_meta_content_width":0,"neve_meta_title_alignment":"","neve_meta_author_avatar":"","neve_post_elements_order":"","neve_meta_disable_header":"","neve_meta_disable_footer":"","neve_meta_disable_title":"","_themeisle_gutenberg_block_has_review":false,"_ti_tpc_template_sync":false,"_ti_tpc_template_id":"","footnotes":""},"class_list":["post-28529","page","type-page","status-publish","hentry"],"yoast_head":"<!-- This site is optimized with the Yoast SEO plugin v22.0 - https:\/\/yoast.com\/wordpress\/plugins\/seo\/ -->\n<title>Livro de reclama\u00e7\u00f5es - P\u00f3rtico - Arquitetura e Engenharia, Lda<\/title>\n<meta name=\"robots\" content=\"index, follow, max-snippet:-1, max-image-preview:large, max-video-preview:-1\" \/>\n<link rel=\"canonical\" href=\"https:\/\/portico.megabit.pt\/portico\/livro-de-reclamacoes\/\" \/>\n<meta property=\"og:locale\" content=\"pt_PT\" \/>\n<meta property=\"og:type\" content=\"article\" \/>\n<meta property=\"og:title\" content=\"Livro de reclama\u00e7\u00f5es - P\u00f3rtico - Arquitetura e Engenharia, Lda\" \/>\n<meta property=\"og:description\" content=\"Reclama\u00e7\u00f5es \/ Sugest\u00f5es \/ Cr\u00edticas Use o seguinte formul\u00e1rio para fazer alguma reclama\u00e7\u00e3o, sugest\u00e3o ou cr\u00edtica sobre a P\u00f3rtico e servi\u00e7os associados. A\u00a0P\u00f3rtico &#8211; Arquitetura e Engenharia, Lda,\u00a0NIF:\u00a0502460458,\u00a0CAE:\u00a071120-R3\u00a0e com morada da Sede:\u00a0Rua do Bolh\u00e3o n\u00ba 53-3\u00ba Andar \u2013 4000-112 Porto\u00a0ser\u00e1 respons\u00e1vel pelo tratamento da informa\u00e7\u00e3o e an\u00e1lise de dados. A\u00a0P\u00f3rtico &#8211; Arquitetura e Engenharia, Lda,&hellip;&nbsp;Ler mais &raquo;Livro de reclama\u00e7\u00f5es\" \/>\n<meta property=\"og:url\" content=\"https:\/\/portico.megabit.pt\/portico\/livro-de-reclamacoes\/\" \/>\n<meta property=\"og:site_name\" content=\"P\u00f3rtico - Arquitetura e Engenharia, Lda\" \/>\n<meta property=\"article:modified_time\" content=\"2024-02-28T14:26:21+00:00\" \/>\n<meta name=\"twitter:card\" content=\"summary_large_image\" \/>\n<meta name=\"twitter:label1\" content=\"Tempo estimado de leitura\" \/>\n\t<meta name=\"twitter:data1\" content=\"1 minuto\" \/>\n<script type=\"application\/ld+json\" class=\"yoast-schema-graph\">{\"@context\":\"https:\/\/schema.org\",\"@graph\":[{\"@type\":\"WebPage\",\"@id\":\"https:\/\/portico.megabit.pt\/portico\/livro-de-reclamacoes\/\",\"url\":\"https:\/\/portico.megabit.pt\/portico\/livro-de-reclamacoes\/\",\"name\":\"Livro de reclama\u00e7\u00f5es - P\u00f3rtico - Arquitetura e Engenharia, Lda\",\"isPartOf\":{\"@id\":\"https:\/\/portico.megabit.pt\/portico\/#website\"},\"datePublished\":\"2024-02-28T14:26:20+00:00\",\"dateModified\":\"2024-02-28T14:26:21+00:00\",\"breadcrumb\":{\"@id\":\"https:\/\/portico.megabit.pt\/portico\/livro-de-reclamacoes\/#breadcrumb\"},\"inLanguage\":\"pt-PT\",\"potentialAction\":[{\"@type\":\"ReadAction\",\"target\":[\"https:\/\/portico.megabit.pt\/portico\/livro-de-reclamacoes\/\"]}]},{\"@type\":\"BreadcrumbList\",\"@id\":\"https:\/\/portico.megabit.pt\/portico\/livro-de-reclamacoes\/#breadcrumb\",\"itemListElement\":[{\"@type\":\"ListItem\",\"position\":1,\"name\":\"In\u00edcio\",\"item\":\"https:\/\/portico.megabit.pt\/portico\/\"},{\"@type\":\"ListItem\",\"position\":2,\"name\":\"Livro de reclama\u00e7\u00f5es\"}]},{\"@type\":\"WebSite\",\"@id\":\"https:\/\/portico.megabit.pt\/portico\/#website\",\"url\":\"https:\/\/portico.megabit.pt\/portico\/\",\"name\":\"P\u00f3rtico - Arquitetura e Engenharia, Lda\",\"description\":\"Arquitetura e Engenharia, Lda.\",\"publisher\":{\"@id\":\"https:\/\/portico.megabit.pt\/portico\/#organization\"},\"potentialAction\":[{\"@type\":\"SearchAction\",\"target\":{\"@type\":\"EntryPoint\",\"urlTemplate\":\"https:\/\/portico.megabit.pt\/portico\/?s={search_term_string}\"},\"query-input\":\"required name=search_term_string\"}],\"inLanguage\":\"pt-PT\"},{\"@type\":\"Organization\",\"@id\":\"https:\/\/portico.megabit.pt\/portico\/#organization\",\"name\":\"P\u00f3rtico - Arquitetura e Engenharia, Lda\",\"url\":\"https:\/\/portico.megabit.pt\/portico\/\",\"logo\":{\"@type\":\"ImageObject\",\"inLanguage\":\"pt-PT\",\"@id\":\"https:\/\/portico.megabit.pt\/portico\/#\/schema\/logo\/image\/\",\"url\":\"https:\/\/portico.megabit.pt\/portico\/wp-content\/uploads\/2020\/12\/Group-2-1.png\",\"contentUrl\":\"https:\/\/portico.megabit.pt\/portico\/wp-content\/uploads\/2020\/12\/Group-2-1.png\",\"width\":210,\"height\":369,\"caption\":\"P\u00f3rtico - Arquitetura e Engenharia, Lda\"},\"image\":{\"@id\":\"https:\/\/portico.megabit.pt\/portico\/#\/schema\/logo\/image\/\"}}]}<\/script>\n<!-- \/ Yoast SEO plugin. -->","yoast_head_json":{"title":"Livro de reclama\u00e7\u00f5es - P\u00f3rtico - Arquitetura e Engenharia, Lda","robots":{"index":"index","follow":"follow","max-snippet":"max-snippet:-1","max-image-preview":"max-image-preview:large","max-video-preview":"max-video-preview:-1"},"canonical":"https:\/\/portico.megabit.pt\/portico\/livro-de-reclamacoes\/","og_locale":"pt_PT","og_type":"article","og_title":"Livro de reclama\u00e7\u00f5es - P\u00f3rtico - Arquitetura e Engenharia, Lda","og_description":"Reclama\u00e7\u00f5es \/ Sugest\u00f5es \/ Cr\u00edticas Use o seguinte formul\u00e1rio para fazer alguma reclama\u00e7\u00e3o, sugest\u00e3o ou cr\u00edtica sobre a P\u00f3rtico e servi\u00e7os associados. A\u00a0P\u00f3rtico &#8211; Arquitetura e Engenharia, Lda,\u00a0NIF:\u00a0502460458,\u00a0CAE:\u00a071120-R3\u00a0e com morada da Sede:\u00a0Rua do Bolh\u00e3o n\u00ba 53-3\u00ba Andar \u2013 4000-112 Porto\u00a0ser\u00e1 respons\u00e1vel pelo tratamento da informa\u00e7\u00e3o e an\u00e1lise de dados. A\u00a0P\u00f3rtico &#8211; Arquitetura e Engenharia, Lda,&hellip;&nbsp;Ler mais &raquo;Livro de reclama\u00e7\u00f5es","og_url":"https:\/\/portico.megabit.pt\/portico\/livro-de-reclamacoes\/","og_site_name":"P\u00f3rtico - Arquitetura e Engenharia, Lda","article_modified_time":"2024-02-28T14:26:21+00:00","twitter_card":"summary_large_image","twitter_misc":{"Tempo estimado de leitura":"1 minuto"},"schema":{"@context":"https:\/\/schema.org","@graph":[{"@type":"WebPage","@id":"https:\/\/portico.megabit.pt\/portico\/livro-de-reclamacoes\/","url":"https:\/\/portico.megabit.pt\/portico\/livro-de-reclamacoes\/","name":"Livro de reclama\u00e7\u00f5es - P\u00f3rtico - Arquitetura e Engenharia, Lda","isPartOf":{"@id":"https:\/\/portico.megabit.pt\/portico\/#website"},"datePublished":"2024-02-28T14:26:20+00:00","dateModified":"2024-02-28T14:26:21+00:00","breadcrumb":{"@id":"https:\/\/portico.megabit.pt\/portico\/livro-de-reclamacoes\/#breadcrumb"},"inLanguage":"pt-PT","potentialAction":[{"@type":"ReadAction","target":["https:\/\/portico.megabit.pt\/portico\/livro-de-reclamacoes\/"]}]},{"@type":"BreadcrumbList","@id":"https:\/\/portico.megabit.pt\/portico\/livro-de-reclamacoes\/#breadcrumb","itemListElement":[{"@type":"ListItem","position":1,"name":"In\u00edcio","item":"https:\/\/portico.megabit.pt\/portico\/"},{"@type":"ListItem","position":2,"name":"Livro de reclama\u00e7\u00f5es"}]},{"@type":"WebSite","@id":"https:\/\/portico.megabit.pt\/portico\/#website","url":"https:\/\/portico.megabit.pt\/portico\/","name":"P\u00f3rtico - Arquitetura e Engenharia, Lda","description":"Arquitetura e Engenharia, Lda.","publisher":{"@id":"https:\/\/portico.megabit.pt\/portico\/#organization"},"potentialAction":[{"@type":"SearchAction","target":{"@type":"EntryPoint","urlTemplate":"https:\/\/portico.megabit.pt\/portico\/?s={search_term_string}"},"query-input":"required name=search_term_string"}],"inLanguage":"pt-PT"},{"@type":"Organization","@id":"https:\/\/portico.megabit.pt\/portico\/#organization","name":"P\u00f3rtico - Arquitetura e Engenharia, Lda","url":"https:\/\/portico.megabit.pt\/portico\/","logo":{"@type":"ImageObject","inLanguage":"pt-PT","@id":"https:\/\/portico.megabit.pt\/portico\/#\/schema\/logo\/image\/","url":"https:\/\/portico.megabit.pt\/portico\/wp-content\/uploads\/2020\/12\/Group-2-1.png","contentUrl":"https:\/\/portico.megabit.pt\/portico\/wp-content\/uploads\/2020\/12\/Group-2-1.png","width":210,"height":369,"caption":"P\u00f3rtico - Arquitetura e Engenharia, Lda"},"image":{"@id":"https:\/\/portico.megabit.pt\/portico\/#\/schema\/logo\/image\/"}}]}},"_links":{"self":[{"href":"https:\/\/portico.megabit.pt\/portico\/wp-json\/wp\/v2\/pages\/28529","targetHints":{"allow":["GET"]}}],"collection":[{"href":"https:\/\/portico.megabit.pt\/portico\/wp-json\/wp\/v2\/pages"}],"about":[{"href":"https:\/\/portico.megabit.pt\/portico\/wp-json\/wp\/v2\/types\/page"}],"author":[{"embeddable":true,"href":"https:\/\/portico.megabit.pt\/portico\/wp-json\/wp\/v2\/users\/1"}],"replies":[{"embeddable":true,"href":"https:\/\/portico.megabit.pt\/portico\/wp-json\/wp\/v2\/comments?post=28529"}],"version-history":[{"count":1,"href":"https:\/\/portico.megabit.pt\/portico\/wp-json\/wp\/v2\/pages\/28529\/revisions"}],"predecessor-version":[{"id":28530,"href":"https:\/\/portico.megabit.pt\/portico\/wp-json\/wp\/v2\/pages\/28529\/revisions\/28530"}],"wp:attachment":[{"href":"https:\/\/portico.megabit.pt\/portico\/wp-json\/wp\/v2\/media?parent=28529"}],"curies":[{"name":"wp","href":"https:\/\/api.w.org\/{rel}","templated":true}]}}