{"id":27174,"date":"2024-02-19T10:56:58","date_gmt":"2024-02-19T10:56:58","guid":{"rendered":"https:\/\/dsmarketing.pt\/portico\/?page_id=27174"},"modified":"2024-02-19T10:56:59","modified_gmt":"2024-02-19T10:56:59","slug":"visao-missao-valores","status":"publish","type":"page","link":"https:\/\/portico.megabit.pt\/portico\/visao-missao-valores\/","title":{"rendered":"Vis\u00e3o &#8211; Miss\u00e3o &#8211; Valores"},"content":{"rendered":"\n<ul class=\"wp-block-list\">\n<li><strong>A VIS\u00c3O<\/strong><\/li>\n<\/ul>\n\n\n\n<p>&nbsp; Entender as necessidades espec\u00edficas de cada cliente interno e externo e dar resposta conveniente e apropriada a cada Empreendimento, n\u00e3o esquecendo as dificuldades. &nbsp;<\/p>\n\n\n\n<ul class=\"wp-block-list\">\n<li><strong>A MISS\u00c3O<\/strong><\/li>\n<\/ul>\n\n\n\n<p>&nbsp; Disponibilizar meios, conhecimento e servi\u00e7os a todos os promotores institucionais e particulares, para que os Empreendimentos sejam realizados com sucesso. Posicionamento em mercados internos e externos, com parceiros de confian\u00e7a, no desenvolvimento de projetos sustent\u00e1veis. &nbsp;<\/p>\n\n\n\n<ul class=\"wp-block-list\">\n<li><strong>A MOTIVA\u00c7\u00c3O<\/strong><\/li>\n<\/ul>\n\n\n\n<p>&nbsp; Seguindo a m\u00e1xima de que \u201cProjetamos Para Construir\u201d, designamos tacitamente os objetivos dos nossos servi\u00e7os, pois s\u00f3 faz sentido projetar, fiscalizar ou gerir, se houver objetivos a concretizar. Procurar constantemente identificar novas necessidades dos Clientes, como fonte de inova\u00e7\u00e3o. &nbsp;<\/p>\n\n\n\n<ul class=\"wp-block-list\">\n<li><strong>OS VALORES<\/strong><\/li>\n<\/ul>\n\n\n\n<p>&nbsp; Estando em contacto di\u00e1rio com a\u00e7\u00f5es de grande responsabilidade e decis\u00f5es complexas, torna-se imprescind\u00edvel destacar a idoneidade, a honestidade, esp\u00edrito de equipa, o rigor, o sigilo profissional e a capacidade de decis\u00e3o. Promover os \u201cnossos valores\u201d aos parceiros numa orienta\u00e7\u00e3o para o Mercado Nacional e Internacional, garantindo a satisfa\u00e7\u00e3o e fideliza\u00e7\u00e3o do Cliente;<\/p>\n","protected":false},"excerpt":{"rendered":"<p>&nbsp; Entender as necessidades espec\u00edficas de cada cliente interno e externo e dar resposta conveniente e apropriada a cada Empreendimento, n\u00e3o esquecendo as dificuldades. &nbsp; &nbsp; Disponibilizar meios, conhecimento e servi\u00e7os a todos os promotores institucionais e particulares, para que os Empreendimentos sejam realizados com sucesso. Posicionamento em mercados internos e externos, com parceiros de&hellip;&nbsp;<a href=\"https:\/\/portico.megabit.pt\/portico\/visao-missao-valores\/\" class=\"\" rel=\"bookmark\">Ler mais &raquo;<span class=\"screen-reader-text\">Vis\u00e3o &#8211; Miss\u00e3o &#8211; Valores<\/span><\/a><\/p>\n","protected":false},"author":1,"featured_media":0,"parent":0,"menu_order":0,"comment_status":"closed","ping_status":"closed","template":"","meta":{"_monsterinsights_skip_tracking":false,"_monsterinsights_sitenote_active":false,"_monsterinsights_sitenote_note":"","_monsterinsights_sitenote_category":0,"neve_meta_sidebar":"","neve_meta_container":"","neve_meta_enable_content_width":"","neve_meta_content_width":0,"neve_meta_title_alignment":"","neve_meta_author_avatar":"","neve_post_elements_order":"","neve_meta_disable_header":"","neve_meta_disable_footer":"","neve_meta_disable_title":"","_themeisle_gutenberg_block_has_review":false,"_ti_tpc_template_sync":false,"_ti_tpc_template_id":"","footnotes":""},"class_list":["post-27174","page","type-page","status-publish","hentry"],"yoast_head":"<!-- This site is optimized with the Yoast SEO plugin v22.0 - https:\/\/yoast.com\/wordpress\/plugins\/seo\/ -->\n<title>Vis\u00e3o - Miss\u00e3o - Valores - P\u00f3rtico - Arquitetura e Engenharia, Lda<\/title>\n<meta name=\"robots\" content=\"index, follow, max-snippet:-1, max-image-preview:large, max-video-preview:-1\" \/>\n<link rel=\"canonical\" href=\"https:\/\/portico.megabit.pt\/portico\/visao-missao-valores\/\" \/>\n<meta property=\"og:locale\" content=\"pt_PT\" \/>\n<meta property=\"og:type\" content=\"article\" \/>\n<meta property=\"og:title\" content=\"Vis\u00e3o - Miss\u00e3o - Valores - P\u00f3rtico - Arquitetura e Engenharia, Lda\" \/>\n<meta property=\"og:description\" content=\"&nbsp; Entender as necessidades espec\u00edficas de cada cliente interno e externo e dar resposta conveniente e apropriada a cada Empreendimento, n\u00e3o esquecendo as dificuldades. &nbsp; &nbsp; Disponibilizar meios, conhecimento e servi\u00e7os a todos os promotores institucionais e particulares, para que os Empreendimentos sejam realizados com sucesso. Posicionamento em mercados internos e externos, com parceiros de&hellip;&nbsp;Ler mais &raquo;Vis\u00e3o &#8211; Miss\u00e3o &#8211; Valores\" \/>\n<meta property=\"og:url\" content=\"https:\/\/portico.megabit.pt\/portico\/visao-missao-valores\/\" \/>\n<meta property=\"og:site_name\" content=\"P\u00f3rtico - Arquitetura e Engenharia, Lda\" \/>\n<meta property=\"article:modified_time\" content=\"2024-02-19T10:56:59+00:00\" \/>\n<meta name=\"twitter:card\" content=\"summary_large_image\" \/>\n<meta name=\"twitter:label1\" content=\"Tempo estimado de leitura\" \/>\n\t<meta name=\"twitter:data1\" content=\"1 minuto\" \/>\n<script type=\"application\/ld+json\" class=\"yoast-schema-graph\">{\"@context\":\"https:\/\/schema.org\",\"@graph\":[{\"@type\":\"WebPage\",\"@id\":\"https:\/\/portico.megabit.pt\/portico\/visao-missao-valores\/\",\"url\":\"https:\/\/portico.megabit.pt\/portico\/visao-missao-valores\/\",\"name\":\"Vis\u00e3o - Miss\u00e3o - Valores - P\u00f3rtico - Arquitetura e Engenharia, Lda\",\"isPartOf\":{\"@id\":\"https:\/\/portico.megabit.pt\/portico\/#website\"},\"datePublished\":\"2024-02-19T10:56:58+00:00\",\"dateModified\":\"2024-02-19T10:56:59+00:00\",\"breadcrumb\":{\"@id\":\"https:\/\/portico.megabit.pt\/portico\/visao-missao-valores\/#breadcrumb\"},\"inLanguage\":\"pt-PT\",\"potentialAction\":[{\"@type\":\"ReadAction\",\"target\":[\"https:\/\/portico.megabit.pt\/portico\/visao-missao-valores\/\"]}]},{\"@type\":\"BreadcrumbList\",\"@id\":\"https:\/\/portico.megabit.pt\/portico\/visao-missao-valores\/#breadcrumb\",\"itemListElement\":[{\"@type\":\"ListItem\",\"position\":1,\"name\":\"In\u00edcio\",\"item\":\"https:\/\/portico.megabit.pt\/portico\/\"},{\"@type\":\"ListItem\",\"position\":2,\"name\":\"Vis\u00e3o &#8211; Miss\u00e3o &#8211; Valores\"}]},{\"@type\":\"WebSite\",\"@id\":\"https:\/\/portico.megabit.pt\/portico\/#website\",\"url\":\"https:\/\/portico.megabit.pt\/portico\/\",\"name\":\"P\u00f3rtico - Arquitetura e Engenharia, Lda\",\"description\":\"Arquitetura e Engenharia, Lda.\",\"publisher\":{\"@id\":\"https:\/\/portico.megabit.pt\/portico\/#organization\"},\"potentialAction\":[{\"@type\":\"SearchAction\",\"target\":{\"@type\":\"EntryPoint\",\"urlTemplate\":\"https:\/\/portico.megabit.pt\/portico\/?s={search_term_string}\"},\"query-input\":\"required name=search_term_string\"}],\"inLanguage\":\"pt-PT\"},{\"@type\":\"Organization\",\"@id\":\"https:\/\/portico.megabit.pt\/portico\/#organization\",\"name\":\"P\u00f3rtico - Arquitetura e Engenharia, Lda\",\"url\":\"https:\/\/portico.megabit.pt\/portico\/\",\"logo\":{\"@type\":\"ImageObject\",\"inLanguage\":\"pt-PT\",\"@id\":\"https:\/\/portico.megabit.pt\/portico\/#\/schema\/logo\/image\/\",\"url\":\"https:\/\/portico.megabit.pt\/portico\/wp-content\/uploads\/2020\/12\/Group-2-1.png\",\"contentUrl\":\"https:\/\/portico.megabit.pt\/portico\/wp-content\/uploads\/2020\/12\/Group-2-1.png\",\"width\":210,\"height\":369,\"caption\":\"P\u00f3rtico - Arquitetura e Engenharia, Lda\"},\"image\":{\"@id\":\"https:\/\/portico.megabit.pt\/portico\/#\/schema\/logo\/image\/\"}}]}<\/script>\n<!-- \/ Yoast SEO plugin. -->","yoast_head_json":{"title":"Vis\u00e3o - Miss\u00e3o - Valores - P\u00f3rtico - Arquitetura e Engenharia, Lda","robots":{"index":"index","follow":"follow","max-snippet":"max-snippet:-1","max-image-preview":"max-image-preview:large","max-video-preview":"max-video-preview:-1"},"canonical":"https:\/\/portico.megabit.pt\/portico\/visao-missao-valores\/","og_locale":"pt_PT","og_type":"article","og_title":"Vis\u00e3o - Miss\u00e3o - Valores - P\u00f3rtico - Arquitetura e Engenharia, Lda","og_description":"&nbsp; Entender as necessidades espec\u00edficas de cada cliente interno e externo e dar resposta conveniente e apropriada a cada Empreendimento, n\u00e3o esquecendo as dificuldades. &nbsp; &nbsp; Disponibilizar meios, conhecimento e servi\u00e7os a todos os promotores institucionais e particulares, para que os Empreendimentos sejam realizados com sucesso. Posicionamento em mercados internos e externos, com parceiros de&hellip;&nbsp;Ler mais &raquo;Vis\u00e3o &#8211; Miss\u00e3o &#8211; Valores","og_url":"https:\/\/portico.megabit.pt\/portico\/visao-missao-valores\/","og_site_name":"P\u00f3rtico - Arquitetura e Engenharia, Lda","article_modified_time":"2024-02-19T10:56:59+00:00","twitter_card":"summary_large_image","twitter_misc":{"Tempo estimado de leitura":"1 minuto"},"schema":{"@context":"https:\/\/schema.org","@graph":[{"@type":"WebPage","@id":"https:\/\/portico.megabit.pt\/portico\/visao-missao-valores\/","url":"https:\/\/portico.megabit.pt\/portico\/visao-missao-valores\/","name":"Vis\u00e3o - Miss\u00e3o - Valores - P\u00f3rtico - Arquitetura e Engenharia, Lda","isPartOf":{"@id":"https:\/\/portico.megabit.pt\/portico\/#website"},"datePublished":"2024-02-19T10:56:58+00:00","dateModified":"2024-02-19T10:56:59+00:00","breadcrumb":{"@id":"https:\/\/portico.megabit.pt\/portico\/visao-missao-valores\/#breadcrumb"},"inLanguage":"pt-PT","potentialAction":[{"@type":"ReadAction","target":["https:\/\/portico.megabit.pt\/portico\/visao-missao-valores\/"]}]},{"@type":"BreadcrumbList","@id":"https:\/\/portico.megabit.pt\/portico\/visao-missao-valores\/#breadcrumb","itemListElement":[{"@type":"ListItem","position":1,"name":"In\u00edcio","item":"https:\/\/portico.megabit.pt\/portico\/"},{"@type":"ListItem","position":2,"name":"Vis\u00e3o &#8211; Miss\u00e3o &#8211; Valores"}]},{"@type":"WebSite","@id":"https:\/\/portico.megabit.pt\/portico\/#website","url":"https:\/\/portico.megabit.pt\/portico\/","name":"P\u00f3rtico - Arquitetura e Engenharia, Lda","description":"Arquitetura e Engenharia, Lda.","publisher":{"@id":"https:\/\/portico.megabit.pt\/portico\/#organization"},"potentialAction":[{"@type":"SearchAction","target":{"@type":"EntryPoint","urlTemplate":"https:\/\/portico.megabit.pt\/portico\/?s={search_term_string}"},"query-input":"required name=search_term_string"}],"inLanguage":"pt-PT"},{"@type":"Organization","@id":"https:\/\/portico.megabit.pt\/portico\/#organization","name":"P\u00f3rtico - Arquitetura e Engenharia, Lda","url":"https:\/\/portico.megabit.pt\/portico\/","logo":{"@type":"ImageObject","inLanguage":"pt-PT","@id":"https:\/\/portico.megabit.pt\/portico\/#\/schema\/logo\/image\/","url":"https:\/\/portico.megabit.pt\/portico\/wp-content\/uploads\/2020\/12\/Group-2-1.png","contentUrl":"https:\/\/portico.megabit.pt\/portico\/wp-content\/uploads\/2020\/12\/Group-2-1.png","width":210,"height":369,"caption":"P\u00f3rtico - Arquitetura e Engenharia, Lda"},"image":{"@id":"https:\/\/portico.megabit.pt\/portico\/#\/schema\/logo\/image\/"}}]}},"_links":{"self":[{"href":"https:\/\/portico.megabit.pt\/portico\/wp-json\/wp\/v2\/pages\/27174","targetHints":{"allow":["GET"]}}],"collection":[{"href":"https:\/\/portico.megabit.pt\/portico\/wp-json\/wp\/v2\/pages"}],"about":[{"href":"https:\/\/portico.megabit.pt\/portico\/wp-json\/wp\/v2\/types\/page"}],"author":[{"embeddable":true,"href":"https:\/\/portico.megabit.pt\/portico\/wp-json\/wp\/v2\/users\/1"}],"replies":[{"embeddable":true,"href":"https:\/\/portico.megabit.pt\/portico\/wp-json\/wp\/v2\/comments?post=27174"}],"version-history":[{"count":1,"href":"https:\/\/portico.megabit.pt\/portico\/wp-json\/wp\/v2\/pages\/27174\/revisions"}],"predecessor-version":[{"id":27175,"href":"https:\/\/portico.megabit.pt\/portico\/wp-json\/wp\/v2\/pages\/27174\/revisions\/27175"}],"wp:attachment":[{"href":"https:\/\/portico.megabit.pt\/portico\/wp-json\/wp\/v2\/media?parent=27174"}],"curies":[{"name":"wp","href":"https:\/\/api.w.org\/{rel}","templated":true}]}}