{"id":27160,"date":"2024-02-19T10:47:22","date_gmt":"2024-02-19T10:47:22","guid":{"rendered":"https:\/\/dsmarketing.pt\/portico\/?page_id=27160"},"modified":"2024-07-11T18:44:22","modified_gmt":"2024-07-11T18:44:22","slug":"clientes","status":"publish","type":"page","link":"https:\/\/portico.megabit.pt\/portico\/clientes\/","title":{"rendered":"Clientes"},"content":{"rendered":"\n<p><strong><em>C\u00c2MARAS MUNICIPAIS<\/em><\/strong><\/p>\n\n\n\n<hr class=\"wp-block-separator has-alpha-channel-opacity\"\/>\n\n\n\n<p>\u25a0 C. M. DE ALBERGARIA-A-VELHA<br>\u25a0 C. M. DE ANSI\u00c3O<br>\u25a0 MUNIC\u00cdPIO DE \u00c1GUEDA<br>\u25a0 MUNIC\u00cdPIO DA BATALHA<br>\u25a0 C. M. DE CELORICO DA BEIRA<br>\u25a0 C. M. DE CONDEIXA-A-NOVA<br>\u25a0 MUNIC\u00cdPIO DE COIMBRA<br>\u25a0 C. M. DE GAIA<br>\u25a0 C.M. DE ESPOSENDE<br>\u25a0 C. M. DA MAIA<br>\u25a0 C. M. DO PORTO<br>\u25a0 C. M. DE OVAR<br>\u25a0 MUNIC\u00cdPIO DE OEIRAS<br>\u25a0 C. M. DE PORTIM\u00c3O<br>\u25a0 C. M. DE PENELA<br>\u25a0 C. M. DE SOURE<br>\u25a0 MUNIC\u00cdPIO DE S. JO\u00c3O DA MADEIRA<br>\u25a0 C. M. DE VIANA DO CASTELO<br>\u25a0 C. M. DE VIEIRA DO MINHO<br>\u25a0 C.M.AMADORA<br>\u25a0 C.M.MATOSINHOS<br>\u25a0 G.O.P. da C.M. DO PORTO, E.M.<br>\u25a0 C. M. DE FELGUEIRAS<br>\u25a0 MUNIC\u00cdPIO DE VALEN\u00c7A<br>\u25a0 MUNIC\u00cdPIO DE ALMADA<br>\u25a0 MUNIC\u00cdPIO DE PAREDES<br>\u25a0 MUNIC\u00cdPIO DE VALONGO<br>\u25a0 C\u00c2MARA MUNICIPAL DE RIO MAIOR<br>\u25a0 C\u00c2MARA MUNICIPAL DE AVEIRO<br>\u25a0 C\u00c2MARA MUNICIPAL DE GONDOMAR<br>\u25a0 MUNIC\u00cdPIO DE CABECEIRAS DE BASTO<br>\u25a0 C.M. VILA DO CONDE<br>\u25a0 MUNIC\u00cdPIO DE CASTRO VERDE<br>\u25a0 MUNIC\u00cdPIO DE SANTA MARIA DA FEIRA<br>\u25a0 MUNIC\u00cdPIO DE ALMEIRIM<br>\u25a0 MUNIC\u00cdPIO DE MAFRA<br>\u25a0 C\u00c2MARA MUNICIPAL DO CADAVAL<br>\u25a0 MUNIC\u00cdPIO DE BENAVENTE<br>\u25a0 MUNIC\u00cdPIO DE SILVES<br>\u25a0 MUNIC\u00cdPIO DE TORRES VEDRAS<br>\u25a0 MUNIC\u00cdPIO DE OLIVEIRA DE AZEM\u00c9IS<br>\u25a0 MUNIC\u00cdPIO DE ESPINHO<br>\u25a0 MUNIC\u00cdPIO DA P\u00d3VOA DE VARZIM<br>\u25a0 MUNIC\u00cdPIO DE BEJA<br>\u25a0 MUNIC\u00cdPIO DA MOITA<br>\u25a0 MUNIC\u00cdPIO DO BARREIRO<br>\u25a0 MUNIC\u00cdPIO DE LISBOA<br>\u25a0 MUNIC\u00cdPIO DE LOURES<br>\u25a0 MUNIC\u00cdPIO DE SANTO TIRSO<br>\u25a0 MUNIC\u00cdPIO DO CARTAXO<br>\u25a0 MUNIC\u00cdPIO DA MARINHA GRANDE<br>\u25a0 MUNIC\u00cdPIO DE SINES<br>\u25a0 MUNIC\u00cdPIO DA FIGUEIRA DA FOZ<br>\u25a0 MUNIC\u00cdPIO DE VILA VERDE<\/p>\n\n\n\n<p><strong><em>OUTRAS ENTIDADES P\u00daBLICAS<\/em><\/strong><\/p>\n\n\n\n<hr class=\"wp-block-separator has-alpha-channel-opacity\"\/>\n\n\n\n<p>\u25a0 \u00c1GUAS DE GAIA, EMPRESA MUNICIPAL<br>\u25a0 SERVI\u00c7OS MUNICIPALIZADOS DE \u00c1GUAS E SANEAMENTO DE OVAR<br>\u25a0 \u00c1GUAS DA REGI\u00c3O DE AVEIRO<br>\u25a0 MINIST\u00c9RIO DA EDUCA\u00c7\u00c3O<br>\u25a0 Dire\u00e7\u00e3o Regional de Educa\u00e7\u00e3o do Norte<br>\u25a0 Dire\u00e7\u00e3o Regional de Educa\u00e7\u00e3o do Algarve<br>\u25a0 Dire\u00e7\u00e3o Regional de Educa\u00e7\u00e3o do Alentejo<br>\u25a0 Instituto do Desporto<br>\u25a0 MINIST\u00c9RIO DA JUSTI\u00c7A- Instituto de Gest\u00e3o Financeira Equipamentos da Justi\u00e7a I.P<br>\u25a0 MINIST\u00c9RIO DAS FINAN\u00c7AS-AUTORIDADE TRIBUT\u00c1RIA E ADUANEIRA<br>\u25a0 MINIST\u00c9RIO DA ADMINISTRA\u00c7\u00c3O INTERNA<br>\u25a0 Dire\u00e7\u00e3o Geral das Infra-Estrutruturas e Equipamentos (DGIE)<br>\u25a0 Secretaria Geral do Minist\u00e9rio da Administra\u00e7\u00e3o Interna (SGMAI)<br>\u25a0 INETI \u2013 Instituto Nacional de Engenharia e Tecnologia Industrial<br>\u25a0 IPV \u2013 Instituto Polit\u00e9cnico de Viseu<br>\u25a0 INSTITUTO DA SEGURAN\u00c7A SOCIAL I.P<br>\u25a0 ADMINSTRA\u00c7\u00c3O REG. DE SA\u00daDE DO CENTRO<br>\u25a0 ADMINISTRA\u00c7\u00c3O REG. DE S\u00c1UDE DE BRAGAN\u00c7A<br>\u25a0 ADMINISTRA\u00c7\u00c3O REG. DE SA\u00daDE DE LISBOA E VALE DO TEJO<br>\u25a0 CTT<br>\u25a0 INST. DA DROGA E DA TOXICODEPEND\u00caNCIA<br>\u25a0 Delega\u00e7\u00e3o Regional do Alentejo<br>\u25a0 Delega\u00e7\u00e3o Regional do Centro<br>\u25a0 Delega\u00e7\u00e3o Regional do Norte, I:P<br>\u25a0 Delega\u00e7\u00e3o Regional de Lisboa e Vale do Tejo<br>\u25a0 HOSPITAL DE SANTA MARIA E.P.E\/ CENTRO HOSPITALAR LISBOA NORTE E.P.E<br>\u25a0 E.M.H.M.C.M PORTO E.M<br>\u25a0 IAPMEI<br>\u25a0 SANTA CASA DA MISERIC\u00d3RDIA DE OVAR<br>\u25a0 SANTA CASA DA MISERC\u00d3RDIA DE DE VILA NOVA DE GAIA<br>\u25a0 SANTA CASA DA MISERIC\u00d3RDIA DO PORTO<br>\u25a0 HOSPITAL DISTRITAL DE SANTAR\u00c9M E.P.E<br>\u25a0 CENTRO HOSPITALAR DE LISBOA OCIDENTAL E.P.E<br>\u25a0 CENTRO HOSPITALAR DO PORTO E.P.E<br>\u25a0 CONSTRU\u00c7\u00c3O P\u00daBLICA E.P.E<br>\u25a0 POVT<br>\u25a0 PERM<br>\u25a0 CENTRO HOSPITALAR DO T\u00c2MEGA E SOUSA<br>\u25a0 UNIVERSIDADE DO PORTO-FACULDADE DE ENGENHARIA<br>\u25a0 APDL-ADMINISTRA\u00c7\u00c3O DOS PORTOS DO DOURO, LEIX\u00d5ES E VIANA DO CASTELO S.A<br>\u25a0 JUNTA DE FREGUESIA DE PARANHOS<br>\u25a0 ACSS-Administra\u00e7\u00e3o Central do Sistema de Sa\u00fade, I.P<br>\u25a0 PORTO LAZER E.M<br>\u25a0 SOCIEDADE DE TRANSPORTES COLECTIVOS DO PORTO, S.A<br>\u25a0 CENTRO HOSPITALAR UNIVERSIT\u00c1RIO DE LISBOA CENTRAL E.P.E<br>\u25a0 INSTITUTO DA CONSERVERSAVA\u00c7\u00c3O DA NATUREZA E DAS FLORESTAS, I.P<br>\u25a0 CENTRO HOSPITALAR P\u00d3VOA DE VARZIM-VILA DO CONDE E.P.E<br>\u25a0 GEBALIS-GEST\u00c3O DO ARRENDAMENTO DA HABITA\u00c7\u00c3O MUNICIPAL DE LISBOA, E.M., S.A<br>\u25a0 IHRU, I.P<br>\u25a0 CENTRO HOSPITALAR E UNIVERSIT\u00c1RIO DE COIMBRA E.P.E<br>\u25a0 DOCAPESCA-PORTOS E LOTAS, S.A<br>\u25a0 INSTITUTO PORTUGU\u00caS DE ONCOLOGIA DE LISBOA FRANCISCO GENTIL E.P.E<br>\u25a0 AICEP GLOBAL PARQUES-Gest\u00e3o de \u00c1reas Empresariais e Servi\u00e7os S.A<br>\u25a0 CENTRO HOSPITALAR DE TONDELA VISEU<br>\u25a0 HOSPITAL DR. FRANCISCO ZAGALO-OVAR<br>\u25a0 METROPOLITANO DE LISBOA, E.P.E<br>\u25a0 GEST\u00c3O E OBRAS DO PORTO, E.M<br>\u25a0 LABORAT\u00d3RIO NACIONAL DE ENERGIA E GEOLOGIA, I.P<br>\u25a0 SPMS, E.P.E<br>\u25a0 SANTA CASA DA MISERIC\u00d3RDIA DE MAFRA<\/p>\n\n\n\n<p><strong><em>A\u00c7ORES<\/em><\/strong><\/p>\n\n\n\n<hr class=\"wp-block-separator has-alpha-channel-opacity\"\/>\n\n\n\n<p>\u25a0 IROA &#8211; Instituto Regional de Ordenamento Agr\u00e1rio<br>\u25a0 PIAAIT &#8211; Plano Integrado de Abastecimento de \u00c1gua \u2013 Ilha Terceira<br>\u25a0 S. R. H. E. &#8211; Secretaria Regional da Habita\u00e7\u00e3o e Equipamentos<br>\u25a0 S.R.E.C &#8211; Dire\u00e7\u00e3o Regional de Educa\u00e7\u00e3o<br>\u25a0 D.R.O.P.T.T &#8211; Dire\u00e7\u00e3o Regional de Obras P\u00fablicas e Transportes Terrestres<br>\u25a0 C. M. DA RIBEIRA GRANDE<br>\u25a0 D.R.S- Hospital do Divino Esp\u00edrito Santo<\/p>\n\n\n\n<p><br><strong><em>MADEIRA<\/em><\/strong><\/p>\n\n\n\n<hr class=\"wp-block-separator has-alpha-channel-opacity\"\/>\n\n\n\n<p>\u25a0 C. M. DE SANTA CRUZ<br>\u25a0 REGI\u00c3O AUT\u00d3NOMA DA MADEIRA-SERVI\u00c7O REGIONAL DE SA\u00daDE E.P.E<\/p>\n\n\n\n<p><br><strong><em>E DESTACANDO OS PRINCIPAIS CLIENTES PARTICULARES<\/em><\/strong><\/p>\n\n\n\n<hr class=\"wp-block-separator has-alpha-channel-opacity\"\/>\n\n\n\n<p>\u25a0 AMCAL-Associa\u00e7\u00e3o do Munic\u00edpio do Alentejo Central<br>\u25a0 ALFACOOP \u2013 Cooperativa de Ensino, C.R.L. &#8211; Braga<br>\u25a0 AM\u00c9RICO DA SILVA SANTOS \u2013 Construtor Civil<br>\u25a0 ARACY \u2013 Ind\u00fastria de Cal\u00e7ado<br>\u25a0 ART LASER \u2013 Cl\u00ednica de Cirurgia Pl\u00e1stica<br>\u25a0 CIMOGER \u2013 Sociedade de Constru\u00e7\u00f5es e Gest\u00e3o Imobili\u00e1ria, S.A.<br>\u25a0 CONDOSPORTO \u2013 Administra\u00e7\u00e3o de Condom\u00ednio<br>\u25a0 URBIFRAC\u00c7\u00c3O &#8211; Administra\u00e7\u00e3o de Condom\u00ednio<br>\u25a0 Cooperativa de Habita\u00e7\u00e3o Econ\u00f3mica \u2013 \u201cAL\u00c9U\u201d \u2013 Vila Real<br>\u25a0 Cooperativa de Habita\u00e7\u00e3o Econ\u00f3mica \u2013 \u201cPEGO NEGRO\u201d \u2013 Porto<br>\u25a0 ASSOCIA\u00c7\u00c3O DE MORADORES DE LAMEIRAS<br>\u25a0 Administra\u00e7\u00e3o de Condom\u00ednio Quinta da Ramada<br>\u25a0 Administra\u00e7\u00e3o de Condom\u00ednio Edif\u00edcio Real<br>\u25a0 CORDEX \u2013 Companhia Industrial T\u00eaxtil, S.A.<br>\u25a0 CRUZ VERMELHA PORTUGUESA<br>\u25a0 FACOBE \u2013 F\u00e1brica de Componentes de Bet\u00e3o, LD\u00aa<br>\u25a0 FAMOTEJO \u2013 Componentes para Campismo Autom\u00f3veis e Mobili\u00e1rio, LD\u00aa<br>\u25a0 FE \u2013 Gest\u00e3o e Investimentos, S.A.<br>\u25a0 FRUT\u00c1VORA \u2013 Frutas S\u00e3o Gon\u00e7alo<br>\u25a0 FUNDA\u00c7\u00c3O DA JUVENTUDE<br>\u25a0 FUNDA\u00c7\u00c3O COI<br>\u25a0 III &#8211; CORFI<br>\u25a0 INCOMCAR \u2013 Industria Componentes Carro\u00e7arias Auto<br>\u25a0 IMOCAPEI II, LDA.<br>\u25a0 JO\u00c3O MARTINS RIBEIRO, LD\u00aa<br>\u25a0 CAPA \u2013Ve\u00edculos e M\u00e1quinas Industriais, LD\u00aa<br>\u25a0 LIDL &amp; CIA<br>\u25a0 LAGRANGE LIMITED<br>\u25a0 MARIA ARMINDA GUIMAR\u00c3ES LEITE<br>\u25a0 MAJOBER<br>\u25a0 MAQUIT\u00c9RMICA \u2013 Industria Metalomec\u00e2nica<br>\u25a0 MANUEL ALVES &amp; IRM\u00c3O, LD\u00aa<br>\u25a0 MEZANINO \u2013 Sal\u00e3o de Ch\u00e1<br>\u25a0 PROBOL, LD\u00aa<br>\u25a0 PROCAL\u00c7ADO \u2013 Produtora de Componentes para Cal\u00e7ado<br>\u25a0 RESTIGAIA-Restauro de Edif\u00edcios Imobili\u00e1ria Lda.<br>\u25a0 RIBEIRO \u2013 SOCIEDADE DE CONSTRU\u00c7\u00d5ES, LD\u00aa<br>\u25a0 ROYAL CREEK<br>\u25a0 SETAS COSTA, IMOBILI\u00c1RIA<br>\u25a0 S.G.O \u2013 Santos Guimar\u00e3es e Oliveira, S. A.<br>\u25a0 SOCIEDADE TUR\u00cdSTICA SALGUEIRAL<br>\u25a0 SOETIL, LD\u00aa<br>\u25a0 TURISFIM \u2013 Constru\u00e7\u00f5es Urbanas e Tur\u00edsticas, Ld\u00aa<br>\u25a0 VIA R\u00c1PIDA \u2013 Actividades Hoteleiras, LD\u00aa &#8211; Discoteca<br>\u25a0 IMOPREDI<br>\u25a0 COVILA<br>\u25a0 A\u00c7OS BOIXAREU<br>\u25a0 CONDOM\u00cdNIO MOTA GALIZA<br>\u25a0 F\u00c1BIO LUCCI<br>\u25a0 ENGIMAIS<br>\u25a0 SENIOR LIVING<br>\u25a0 GUALDIM ANCI\u00c3ES AMADO<br>\u25a0 CAMPI\u00c3O, LDA.<br>\u25a0 CONSTRUTORA SAN JOS\u00c9 S.A.<br>\u25a0 IMOTIB\u00c3ES<br>\u25a0 CONDOM\u00cdNIO ESPA\u00c7O FOZ<br>\u25a0 CONDOM\u00cdNIO EDIF\u00cdCIO VASCO DA GAMA<br>\u25a0 F.D.O CONSTRU\u00c7\u00d5ES, LDA<br>\u25a0 ALBERTO COUTO ALVES, S.A<br>\u25a0 ADMINISTRA\u00c7\u00c3O DO CONDOM\u00cdNIO DO LARGO 3 DE FEVEREIRO<br>\u25a0 FRULACT, Lda.<br>\u25a0 FERSEQUE<br>\u25a0 LINK A.C.E.<br>\u25a0 MAI\u00caUTICA<br>\u25a0 S.G.S<br>\u25a0 SUP\u00d3RIO<br>\u25a0 EDIF\u00cdCIOS CONC\u00d3RDIA<br>\u25a0 S.P.R.H.I<br>\u25a0 CAMOLDE- Casas Modeladas Lda.<br>\u25a0 PORESP CONSTR\u00d3I S.A<br>\u25a0 MILLENNIUM BCP<br>\u25a0 TRANSDEV &#8211; Transportes SGPS S.A<br>\u25a0 CANCELLIERE E COSTA<br>\u25a0 OLESA IND\u00daSTRIA DE MOLDES, S.A<br>\u25a0 GRAN CLASS<br>\u25a0 EMARVR-EMPRESA MUNICIPAL DE \u00c1GUA E RES\u00cdDUOS DE VILA REAL E.M<br>\u25a0 ARQT.\u00ba BRITO<br>\u25a0 JOS\u00c9 GON\u00c7ALVES<br>\u25a0 DR. MANUEL FRAGOSO REBIMBAS<br>\u25a0 DR. PAULO LEMOS<br>\u25a0 MAIS NOVO EMPREENDIMENTOS IMOBILI\u00c1RIOS, LDA.<br>\u25a0 SANTANA &amp; Ca. S.A<br>\u25a0 F\u00c1BRICA DA IGREJA PAROQUIAL DE ST.\u00ba ANT\u00d3NIO DAS ANTAS<br>\u25a0 DR.\u00aa MARTA MASSADA<br>\u25a0 ARQT.\u00ba HENRIQUE MARQUES<br>\u25a0 RARCON- AQRUITECTURA E CONSULTORIA, S.A<br>\u25a0 IRM\u00c3S MISSION\u00c1RIAS COMBONIANAS PIE MADRI DELLA NIGRIZIA<br>\u25a0 ASSOCIA\u00c7\u00c3O DE MORADORES DA FREGUESIA DE TERRUGEM<br>\u25a0 BAGAS DE ZIMBRO RESTAURANTE<br>\u25a0 FERSIL-FREITAS &amp; SILVA, S.A<br>\u25a0 ASSOCIA\u00c7\u00c3O DO CENTRO DE APOIO AOS IDOSOS SANJOANENSES-ACAIS<br>\u25a0 MULTIFRAC\u00c7\u00c3O SERVI\u00c7O E GEST\u00c3O DE CONDOM\u00cdNIOS, LDA.<br>\u25a0 SR. FRANCISCO LIMA DA COSTA PINTO<br>\u25a0 F\u00c1BRICA DA IGREJA PAROQUIAL DA FREGUESIA DE S\u00c3O PEDRO E SANTIAGO<br>\u25a0 ENG.\u00ba JOS\u00c9 LU\u00cdS ROCHA MARTINS CRISTINO<br>\u25a0 MARIA GRAVELINA DE OLIVEIRA BRAND\u00c3O<br>\u25a0 DR. JO\u00c3O PAULO AMORIM<br>\u25a0 ANA MOREIRA DA SILVA<br>\u25a0 JOS\u00c9 LEANDRO MASSADA<br>\u25a0 SALVADOR DA ROCHA MASSADA<br>\u25a0 CENTRO SOCIAL E PAROQUIAL DE ARGONCILHE<br>\u25a0 ASSOCIA\u00c7\u00c3O RECREATIVA E CULTURAL DE ARCO DE BA\u00daLHE<br>\u25a0 CENTRO SOCIAL PAROQUIAL DA LUSTOSA<br>\u25a0 LIGA DOS COMBATENTES<br>\u25a0 GET<br>\u25a0 CHEFE RUI PAULA<br>\u25a0 ASSOCIA\u00c7\u00c3O HUMANIT\u00c1RIA DOS BOMBEIROS VOLUNT\u00c1RIOS DE MONTEMOR-O-NOVO<br>\u25a0 CENTRO FORMA\u00c7\u00c3O PROFISSIONAL DA IND\u00daSTRIA DE CAL\u00c7ADO-CFPIC<br>\u25a0 STRUCONCEPT, Lda.<br>\u25a0 BAVIERA-COM\u00c9RCIO DE AUTOM\u00d3VEIS S.A<br>\u25a0 FORUM TRAVEL<br>\u25a0 QUALITY TOUCH<br>\u25a0 D.\u00aa ROSA FERREIRA SOARES REIS<br>\u25a0 D.\u00aa MATILDE PEREIRA<br>\u25a0 RODRIGUES GOMES E ASSOCIADOS<br>\u25a0 SWARK CASA NA BAIXA<br>\u25a0 PADRE AB\u00cdLIO DE SOUSA RODRIGUES<br>\u25a0 SELMUL-ENGENHARIA E SERVI\u00c7OS, LDA.<br>\u25a0 CERCIVAR<br>\u25a0 LAR DE SANTIAGO, LDA.<br>\u25a0 ARIPSI<br>\u25a0 FUNDA\u00c7\u00c3O ALENTEJO<br>\u25a0 FLEX 2000-PRODUTOS FLEX\u00cdVEIS, S.A<br>\u25a0 ANA-AEROPORTOS, S.A<br>\u25a0 DR\u00aa EM\u00cdLIA SILVA<br>\u25a0 JOAQUIM GUEDES , FILHO E GENROS, SA<br>\u25a0 RODOVI\u00c1RIA DA BEIRA INTERIOR S.A<br>\u25a0 SR. CIRO CARDOSO<br>\u25a0 SIERRA PORTUGAL, S.A<br>\u25a0 SR. ANT\u00d3NIO CARLOS VIG\u00c1RIO DIAS<br>\u25a0 LIGA PORTUGUESA CONTRA O CANCRO<br>\u25a0 INVICTUS<br>\u25a0 CENTRO SOCIAL S\u00c3O MARTINHO DE ALDOAR<br>\u25a0 EDIF\u00cdCIO CONDOM\u00cdNIO DO PR\u00c9DIO DA RUA DO ROS\u00c1RIO N\u00ba 239<br>\u25a0 FUNDA\u00c7\u00c3O JOAQUIM ANT\u00d3NIO FRANCO E SEUS PAIS<br>\u25a0 TEIXEIRA GAIA AQRUITECTOS, LDA.<br>\u25a0 KAPAINVEST HOTELARIA, TURISMO S.A<br>\u25a0 HABIA\u00c7O-PROMO\u00c7\u00c3O IMOBILI\u00c1RIA, LDA<br>\u25a0 PROF. MANUEL BRAGA DA CRUZ<br>\u25a0 SR. FRANCISCO TEIXEIRA OLIVEIRA<br>\u25a0 MCMF IMOBILI\u00c1RIA, SA<br>\u25a0 MONTE ADRIANO, S.A<br>\u25a0 BARBOSA &amp; GUIMAR\u00c3ES , ARQUITECTOS<br>\u25a0 GALINHA VOADORA, LDA.<br>\u25a0 LAR FREI MANOEL DAS ENTRADAS<br>\u25a0 TAPE\u00c7ARIAS FERREIRA DE S\u00c1 LDA.<br>\u25a0 KTM-ACTIVIDADES DE RESTAURA\u00c7\u00c3O, LDA<br>\u25a0 SR.\u00ba RAFAEL GUSTAVO RESENDE LIMA AZEVEDO<br>\u25a0 ADMINISTRA\u00c7\u00c3O DO CONDOM\u00cdNIO EDIF\u00cdCIO COMENDADOR ANT\u00d3NIO FERNANDES DA COSTA<br>\u25a0 CONDOM\u00cdNIO DO EDIF\u00cdCIO FOZ<br>\u25a0 F\u00c1BRICA DA IGREJA PAROQUIAL DA FREGUESIA DE S\u00c3O MARTINHO DE ALDOAR<br>\u25a0 ADMINISTRA\u00c7\u00c3O CONDOM\u00cdNIO DA RUA DO ROS\u00c1RIO N\u00ba 216<br>\u25a0 BURGOMORFOSE, LDA<br>\u25a0 COIMBRASHOPPING-CENTRO COMERCIAL S.A<br>\u25a0 OITANTE S.A<br>\u25a0 ADMINISTRA\u00c7\u00c3O DO CONDOM\u00cdNIO J\u00daLIO DINIZ 143\/157<br>\u25a0 ADMINISTRA\u00c7\u00c3O DO CONDOM\u00cdNIO DO HIPERCENTRO<br>\u25a0 SR. VASCO RICARDO MARTINS MOUTA<br>\u25a0 D.\u00aa ANA MARIA QUINTANS F.F. BRAGA DA CRUZ<br>\u25a0 ORDEM CONTABILISTAS CERTIFICADOS<br>\u25a0 100 alarido, Lda.<br>\u25a0 MVC-PUBLICIDADE E SERVI\u00c7OS, LDA.<br>\u25a0 CONDOM\u00cdNIO DO EDIF\u00cdCIO FLOR DA MURTA<br>\u25a0 CLEMENTE DA COSTA &amp; FILHOS LDA.<br>\u25a0 DSV TRANSIT\u00c1RIOS, LDA.<br>\u25a0 MAIASHOPPING-CENTRO COMERCIAL S.A<br>\u25a0 NORTESHOPPING-CENTRO COMERCIAL S.A<br>\u25a0 ASSOCIA\u00c7\u00c3O TURISMO DE LISBOA<br>\u25a0 ETAC-EMP. TRANSPORTES ANT\u00d3NIO CUNHA S.A<br>\u25a0 ASSOCOCIA\u00c7\u00c3O SOCIAL E CULTURAL DE S\u00c3O NICOLAU<br>\u25a0 WUHAN INDUSTRIES, LDA.<br>\u25a0 PERFINOX-IND\u00daSTRIA METAL\u00daRGICA, SA<br>\u25a0 PROFICIS SERVI\u00c7OS DE ENGENHARIA, LDA.<br>\u25a0 AVA INFRASTRUCTURES- AVEIRO<br>\u25a0 SAPA EXTRUSION AVINTES S.A<br>\u25a0 TRIORIFOLIO, LDA.<br>\u25a0 ARCHITECTURE TOTE SER<br>\u25a0 D.\u00aa VIRG\u00cdNIA SOUSA MARTINS<br>\u25a0 ALCOBRE CONDUTORES EL\u00c9TRICOS S.A<br>\u25a0 BANCO POPULAR PORTUGAL S.A<br>\u25a0 DR.\u00aa JOANA CAMPOS<br>\u25a0 ADV REAL ESTATE SA<br>\u25a0 PULDIM, LDA<br>\u25a0 SR. JAMES EVERITT<br>\u25a0 GECIVELT-GAB. DE ENGENHARIA, ELET, TOP, LDA<br>\u25a0 E.P.R.I-EST., PLA. E Real. IMOBILI\u00c1RIAS, S.A<br>\u25a0 CHETOCORPORATION S.A<br>\u25a0 MESQUITA DE SOUSA-ENGENHARIA, LDA<br>\u25a0 JO\u00c3O AGOSTINHO DE OLIVEIRA PEIXOTO UNIP., LDA<br>\u25a0 TRANSDEV NORTE INFRAST. GUIMAR\u00c3ES<br>\u25a0 SR. VITOR PEREIRA TEIXEIRA<br>\u25a0 J.ROCHA PINTO<br>\u25a0 ASSOCIA\u00c7\u00c3O DE BEM ESTAR DE SANTA MARIA DE LAMAS<br>\u25a0 MARIA MATILDE MARQUES MATOS CARVALHO<br>\u25a0 MEO-SERVI\u00c7OS DE COMUNICA\u00c7\u00d5ES E MULTIM\u00c9DIA, S.A<br>\u25a0 ENG.\u00aa ESMERALDA PAUP\u00c9RIO<br>\u25a0 RDLM ARQUITECTOS ASSOCIADOS<br>\u25a0 NEPTUNEDETAILS, LDA<br>\u25a0 BANCO MONTEPIO<br>\u25a0 MAPADI-MOVIMENTO DE APOIO DE PAIS E AMIGOS AO DIMINU\u00cdDO INTELETUAL<br>\u25a0 SAVILLS<br>\u25a0 QUINTA DA TORRE DE LANHELAS<br>\u25a0 ASSOCIA\u00c7\u00c3O DE MORADORES DA ZONA DE TIRARES<br>\u25a0 SR. MANUEL ANT\u00d3NIO ALVES<br>\u25a0 SR. MIGUEL \u00c2NGELO DE GOUVEIA SATURNINO<br>\u25a0 WITH LOVE UNIPESSOAL, LDA<br>\u25a0 ASCENTEN, LDA<br>\u25a0 CONDOM\u00cdNIO PRACETA AMORIM DE CARVALHO<br>\u25a0 CONSTRU\u00c7\u00d5ES MONTE MAR, LDA<br>\u25a0 SR. PEDRO CAETANO<br>\u25a0 REIS FIGUEIRA &amp; MAGALH\u00c3ES DE SOUSA, LDA<br>\u25a0 SR. FRANCISCO MIGUEL GOMES CRUZ<br>\u25a0 CAIXA AGR\u00cdCOLA<br>\u25a0 SR. MIGUEL PEREIRA<br>\u25a0 SR. ARA\u00daJO MOREIRA<br>\u25a0 CAS<br>\u25a0 MYSA CAPITAL PROMO\u00c7\u00c3O IMOBILI\u00c1RIA<br>\u25a0 OBRA SOCIAL E CULTURAL S\u00cdLVIA CARDOSO<br>\u25a0 MULTIZAPICA, LDA<br>\u25a0 AMBIENTI D\u2019 INTERNI<br>\u25a0 DOMUS GLOBAL ADMINISTRA\u00c7\u00c3O DE CONDOM\u00cdNIOS<br>\u25a0 GRUPO AFIFI<br>\u25a0 GENERALSERVE, SA<br>\u25a0 IMOPAS-CONSTRU\u00c7\u00d5ES E IMOBILI\u00c1RIA, LDA<br>\u25a0 FUNDO DE INVESTIMENTO IMOBILI\u00c1RIO FECHADO FUNDIESTAMO I<br>\u25a0 CONDOM\u00cdNIO E\u00c7A DE QUEIRO\u00cdS<br>\u25a0 PLANALTO ALBATROZ, UNIPESSOAL, LDA<br>\u25a0 PINHEIRO &amp; PINTO-INVESTIMENTOS IMOBILI\u00c1RIOS, LDA<br>\u25a0 CONDOM\u00cdNIO EDIF\u00cdCIO JO\u00c3O ANDERSEN<br>\u25a0 COPO T\u00caXTIL PORTUGAL SA<\/p>\n","protected":false},"excerpt":{"rendered":"<p>C\u00c2MARAS MUNICIPAIS \u25a0 C. M. DE ALBERGARIA-A-VELHA\u25a0 C. M. DE ANSI\u00c3O\u25a0 MUNIC\u00cdPIO DE \u00c1GUEDA\u25a0 MUNIC\u00cdPIO DA BATALHA\u25a0 C. M. DE CELORICO DA BEIRA\u25a0 C. M. DE CONDEIXA-A-NOVA\u25a0 MUNIC\u00cdPIO DE COIMBRA\u25a0 C. M. DE GAIA\u25a0 C.M. DE ESPOSENDE\u25a0 C. M. DA MAIA\u25a0 C. M. DO PORTO\u25a0 C. M. DE OVAR\u25a0 MUNIC\u00cdPIO DE OEIRAS\u25a0 C. M. DE&hellip;&nbsp;<a href=\"https:\/\/portico.megabit.pt\/portico\/clientes\/\" class=\"\" rel=\"bookmark\">Ler mais &raquo;<span class=\"screen-reader-text\">Clientes<\/span><\/a><\/p>\n","protected":false},"author":1,"featured_media":0,"parent":0,"menu_order":0,"comment_status":"closed","ping_status":"closed","template":"","meta":{"_monsterinsights_skip_tracking":false,"_monsterinsights_sitenote_active":false,"_monsterinsights_sitenote_note":"","_monsterinsights_sitenote_category":0,"neve_meta_sidebar":"","neve_meta_container":"","neve_meta_enable_content_width":"","neve_meta_content_width":0,"neve_meta_title_alignment":"","neve_meta_author_avatar":"","neve_post_elements_order":"","neve_meta_disable_header":"","neve_meta_disable_footer":"","neve_meta_disable_title":"","_themeisle_gutenberg_block_has_review":false,"_ti_tpc_template_sync":false,"_ti_tpc_template_id":"","footnotes":""},"class_list":["post-27160","page","type-page","status-publish","hentry"],"yoast_head":"<!-- This site is optimized with the Yoast SEO plugin v22.0 - https:\/\/yoast.com\/wordpress\/plugins\/seo\/ -->\n<title>Clientes - P\u00f3rtico - Arquitetura e Engenharia, Lda<\/title>\n<meta name=\"robots\" content=\"index, follow, max-snippet:-1, max-image-preview:large, max-video-preview:-1\" \/>\n<link rel=\"canonical\" href=\"https:\/\/portico.megabit.pt\/portico\/clientes\/\" \/>\n<meta property=\"og:locale\" content=\"pt_PT\" \/>\n<meta property=\"og:type\" content=\"article\" \/>\n<meta property=\"og:title\" content=\"Clientes - P\u00f3rtico - Arquitetura e Engenharia, Lda\" \/>\n<meta property=\"og:description\" content=\"C\u00c2MARAS MUNICIPAIS \u25a0 C. M. DE ALBERGARIA-A-VELHA\u25a0 C. M. DE ANSI\u00c3O\u25a0 MUNIC\u00cdPIO DE \u00c1GUEDA\u25a0 MUNIC\u00cdPIO DA BATALHA\u25a0 C. M. DE CELORICO DA BEIRA\u25a0 C. M. DE CONDEIXA-A-NOVA\u25a0 MUNIC\u00cdPIO DE COIMBRA\u25a0 C. M. DE GAIA\u25a0 C.M. DE ESPOSENDE\u25a0 C. M. DA MAIA\u25a0 C. M. DO PORTO\u25a0 C. M. DE OVAR\u25a0 MUNIC\u00cdPIO DE OEIRAS\u25a0 C. M. DE&hellip;&nbsp;Ler mais &raquo;Clientes\" \/>\n<meta property=\"og:url\" content=\"https:\/\/portico.megabit.pt\/portico\/clientes\/\" \/>\n<meta property=\"og:site_name\" content=\"P\u00f3rtico - Arquitetura e Engenharia, Lda\" \/>\n<meta property=\"article:modified_time\" content=\"2024-07-11T18:44:22+00:00\" \/>\n<meta name=\"twitter:card\" content=\"summary_large_image\" \/>\n<meta name=\"twitter:label1\" content=\"Tempo estimado de leitura\" \/>\n\t<meta name=\"twitter:data1\" content=\"11 minutos\" \/>\n<script type=\"application\/ld+json\" class=\"yoast-schema-graph\">{\"@context\":\"https:\/\/schema.org\",\"@graph\":[{\"@type\":\"WebPage\",\"@id\":\"https:\/\/portico.megabit.pt\/portico\/clientes\/\",\"url\":\"https:\/\/portico.megabit.pt\/portico\/clientes\/\",\"name\":\"Clientes - P\u00f3rtico - Arquitetura e Engenharia, Lda\",\"isPartOf\":{\"@id\":\"https:\/\/portico.megabit.pt\/portico\/#website\"},\"datePublished\":\"2024-02-19T10:47:22+00:00\",\"dateModified\":\"2024-07-11T18:44:22+00:00\",\"breadcrumb\":{\"@id\":\"https:\/\/portico.megabit.pt\/portico\/clientes\/#breadcrumb\"},\"inLanguage\":\"pt-PT\",\"potentialAction\":[{\"@type\":\"ReadAction\",\"target\":[\"https:\/\/portico.megabit.pt\/portico\/clientes\/\"]}]},{\"@type\":\"BreadcrumbList\",\"@id\":\"https:\/\/portico.megabit.pt\/portico\/clientes\/#breadcrumb\",\"itemListElement\":[{\"@type\":\"ListItem\",\"position\":1,\"name\":\"In\u00edcio\",\"item\":\"https:\/\/portico.megabit.pt\/portico\/\"},{\"@type\":\"ListItem\",\"position\":2,\"name\":\"Clientes\"}]},{\"@type\":\"WebSite\",\"@id\":\"https:\/\/portico.megabit.pt\/portico\/#website\",\"url\":\"https:\/\/portico.megabit.pt\/portico\/\",\"name\":\"P\u00f3rtico - Arquitetura e Engenharia, Lda\",\"description\":\"Arquitetura e Engenharia, Lda.\",\"publisher\":{\"@id\":\"https:\/\/portico.megabit.pt\/portico\/#organization\"},\"potentialAction\":[{\"@type\":\"SearchAction\",\"target\":{\"@type\":\"EntryPoint\",\"urlTemplate\":\"https:\/\/portico.megabit.pt\/portico\/?s={search_term_string}\"},\"query-input\":\"required name=search_term_string\"}],\"inLanguage\":\"pt-PT\"},{\"@type\":\"Organization\",\"@id\":\"https:\/\/portico.megabit.pt\/portico\/#organization\",\"name\":\"P\u00f3rtico - Arquitetura e Engenharia, Lda\",\"url\":\"https:\/\/portico.megabit.pt\/portico\/\",\"logo\":{\"@type\":\"ImageObject\",\"inLanguage\":\"pt-PT\",\"@id\":\"https:\/\/portico.megabit.pt\/portico\/#\/schema\/logo\/image\/\",\"url\":\"https:\/\/portico.megabit.pt\/portico\/wp-content\/uploads\/2020\/12\/Group-2-1.png\",\"contentUrl\":\"https:\/\/portico.megabit.pt\/portico\/wp-content\/uploads\/2020\/12\/Group-2-1.png\",\"width\":210,\"height\":369,\"caption\":\"P\u00f3rtico - Arquitetura e Engenharia, Lda\"},\"image\":{\"@id\":\"https:\/\/portico.megabit.pt\/portico\/#\/schema\/logo\/image\/\"}}]}<\/script>\n<!-- \/ Yoast SEO plugin. -->","yoast_head_json":{"title":"Clientes - P\u00f3rtico - Arquitetura e Engenharia, Lda","robots":{"index":"index","follow":"follow","max-snippet":"max-snippet:-1","max-image-preview":"max-image-preview:large","max-video-preview":"max-video-preview:-1"},"canonical":"https:\/\/portico.megabit.pt\/portico\/clientes\/","og_locale":"pt_PT","og_type":"article","og_title":"Clientes - P\u00f3rtico - Arquitetura e Engenharia, Lda","og_description":"C\u00c2MARAS MUNICIPAIS \u25a0 C. M. DE ALBERGARIA-A-VELHA\u25a0 C. M. DE ANSI\u00c3O\u25a0 MUNIC\u00cdPIO DE \u00c1GUEDA\u25a0 MUNIC\u00cdPIO DA BATALHA\u25a0 C. M. DE CELORICO DA BEIRA\u25a0 C. M. DE CONDEIXA-A-NOVA\u25a0 MUNIC\u00cdPIO DE COIMBRA\u25a0 C. M. DE GAIA\u25a0 C.M. DE ESPOSENDE\u25a0 C. M. DA MAIA\u25a0 C. M. DO PORTO\u25a0 C. M. DE OVAR\u25a0 MUNIC\u00cdPIO DE OEIRAS\u25a0 C. M. DE&hellip;&nbsp;Ler mais &raquo;Clientes","og_url":"https:\/\/portico.megabit.pt\/portico\/clientes\/","og_site_name":"P\u00f3rtico - Arquitetura e Engenharia, Lda","article_modified_time":"2024-07-11T18:44:22+00:00","twitter_card":"summary_large_image","twitter_misc":{"Tempo estimado de leitura":"11 minutos"},"schema":{"@context":"https:\/\/schema.org","@graph":[{"@type":"WebPage","@id":"https:\/\/portico.megabit.pt\/portico\/clientes\/","url":"https:\/\/portico.megabit.pt\/portico\/clientes\/","name":"Clientes - P\u00f3rtico - Arquitetura e Engenharia, Lda","isPartOf":{"@id":"https:\/\/portico.megabit.pt\/portico\/#website"},"datePublished":"2024-02-19T10:47:22+00:00","dateModified":"2024-07-11T18:44:22+00:00","breadcrumb":{"@id":"https:\/\/portico.megabit.pt\/portico\/clientes\/#breadcrumb"},"inLanguage":"pt-PT","potentialAction":[{"@type":"ReadAction","target":["https:\/\/portico.megabit.pt\/portico\/clientes\/"]}]},{"@type":"BreadcrumbList","@id":"https:\/\/portico.megabit.pt\/portico\/clientes\/#breadcrumb","itemListElement":[{"@type":"ListItem","position":1,"name":"In\u00edcio","item":"https:\/\/portico.megabit.pt\/portico\/"},{"@type":"ListItem","position":2,"name":"Clientes"}]},{"@type":"WebSite","@id":"https:\/\/portico.megabit.pt\/portico\/#website","url":"https:\/\/portico.megabit.pt\/portico\/","name":"P\u00f3rtico - Arquitetura e Engenharia, Lda","description":"Arquitetura e Engenharia, Lda.","publisher":{"@id":"https:\/\/portico.megabit.pt\/portico\/#organization"},"potentialAction":[{"@type":"SearchAction","target":{"@type":"EntryPoint","urlTemplate":"https:\/\/portico.megabit.pt\/portico\/?s={search_term_string}"},"query-input":"required name=search_term_string"}],"inLanguage":"pt-PT"},{"@type":"Organization","@id":"https:\/\/portico.megabit.pt\/portico\/#organization","name":"P\u00f3rtico - Arquitetura e Engenharia, Lda","url":"https:\/\/portico.megabit.pt\/portico\/","logo":{"@type":"ImageObject","inLanguage":"pt-PT","@id":"https:\/\/portico.megabit.pt\/portico\/#\/schema\/logo\/image\/","url":"https:\/\/portico.megabit.pt\/portico\/wp-content\/uploads\/2020\/12\/Group-2-1.png","contentUrl":"https:\/\/portico.megabit.pt\/portico\/wp-content\/uploads\/2020\/12\/Group-2-1.png","width":210,"height":369,"caption":"P\u00f3rtico - Arquitetura e Engenharia, Lda"},"image":{"@id":"https:\/\/portico.megabit.pt\/portico\/#\/schema\/logo\/image\/"}}]}},"_links":{"self":[{"href":"https:\/\/portico.megabit.pt\/portico\/wp-json\/wp\/v2\/pages\/27160","targetHints":{"allow":["GET"]}}],"collection":[{"href":"https:\/\/portico.megabit.pt\/portico\/wp-json\/wp\/v2\/pages"}],"about":[{"href":"https:\/\/portico.megabit.pt\/portico\/wp-json\/wp\/v2\/types\/page"}],"author":[{"embeddable":true,"href":"https:\/\/portico.megabit.pt\/portico\/wp-json\/wp\/v2\/users\/1"}],"replies":[{"embeddable":true,"href":"https:\/\/portico.megabit.pt\/portico\/wp-json\/wp\/v2\/comments?post=27160"}],"version-history":[{"count":2,"href":"https:\/\/portico.megabit.pt\/portico\/wp-json\/wp\/v2\/pages\/27160\/revisions"}],"predecessor-version":[{"id":29222,"href":"https:\/\/portico.megabit.pt\/portico\/wp-json\/wp\/v2\/pages\/27160\/revisions\/29222"}],"wp:attachment":[{"href":"https:\/\/portico.megabit.pt\/portico\/wp-json\/wp\/v2\/media?parent=27160"}],"curies":[{"name":"wp","href":"https:\/\/api.w.org\/{rel}","templated":true}]}}