{"id":27146,"date":"2024-02-19T10:20:03","date_gmt":"2024-02-19T10:20:03","guid":{"rendered":"https:\/\/dsmarketing.pt\/portico\/?page_id=27146"},"modified":"2024-07-02T10:40:52","modified_gmt":"2024-07-02T10:40:52","slug":"seguranca-e-saude-no-trabalho","status":"publish","type":"page","link":"https:\/\/portico.megabit.pt\/portico\/seguranca-e-saude-no-trabalho\/","title":{"rendered":"Seguran\u00e7a e Sa\u00fade no trabalho"},"content":{"rendered":"<div class=\"wp-block-image\">\n<figure class=\"alignleft size-full is-resized\"><img loading=\"lazy\" decoding=\"async\" width=\"484\" height=\"617\" src=\"https:\/\/dsmarketing.pt\/portico\/wp-content\/uploads\/2024\/02\/port.png\" alt=\"\" class=\"wp-image-27153\" style=\"width:226px;height:auto\" srcset=\"https:\/\/portico.megabit.pt\/portico\/wp-content\/uploads\/2024\/02\/port.png 484w, https:\/\/portico.megabit.pt\/portico\/wp-content\/uploads\/2024\/02\/port-235x300.png 235w\" sizes=\"auto, (max-width: 484px) 100vw, 484px\" \/><\/figure>\n<\/div>\n\n\n<p>A P\u00f3rtico assume a condu\u00e7\u00e3o das suas atividades tendo como objetivo &#8220;<strong>zero acidentes<\/strong>&#8221; no mercado Nacional e Internacional, atrav\u00e9s da melhoria cont\u00ednua na gest\u00e3o e desempenho de seguran\u00e7a e com a defini\u00e7\u00e3o de objetivos concretos de progresso, ao n\u00edvel dos seus colaboradores, fornecedores, subcontratados, clientes, construtores e outras entidades com quem trabalha, dos quais destaca:<\/p>\n\n\n\n<ul class=\"wp-block-list\">\n<li>A observ\u00e2ncia e o cumprimento das prescri\u00e7\u00f5es legais e convencionais de Seguran\u00e7a e Sa\u00fade no Trabalho;<\/li>\n\n\n\n<li>Contemplar a concep\u00e7\u00e3o e implementa\u00e7\u00e3o da estrat\u00e9gia Nacional e \/ ou internacional para a Seguran\u00e7a e Sa\u00fade no Trabalho;<\/li>\n\n\n\n<li>Promo\u00e7\u00e3o da humaniza\u00e7\u00e3o do trabalho em condi\u00e7\u00f5es de Seguran\u00e7a e Sa\u00fade, a par do desempenho e do desenvolvimento estrat\u00e9gico da organiza\u00e7\u00e3o;<\/li>\n\n\n\n<li>Realiza\u00e7\u00e3o de permanente e continuada avalia\u00e7\u00e3o de riscos, com o objectivo de eliminar e diminuir os riscos profissionais e os danos para a sa\u00fade dos trabalhadores;<\/li>\n\n\n\n<li>Elabora\u00e7\u00e3o e divulga\u00e7\u00e3o de instru\u00e7\u00f5es compreens\u00edveis e adequadas \u00e0 actividade desenvolvida pelo trabalhador, que permitam a cria\u00e7\u00e3o de uma cultura de Preven\u00e7\u00e3o;<\/li>\n\n\n\n<li>Implementar a educa\u00e7\u00e3o e promover a forma\u00e7\u00e3o, informa\u00e7\u00e3o e sensibiliza\u00e7\u00e3o com o envolvimento de todos, relativamente aos deveres e responsabilidades na estrutura da organiza\u00e7\u00e3o;<\/li>\n\n\n\n<li>Promover a consulta e a aquisi\u00e7\u00e3o de conhecimentos e h\u00e1bitos de preven\u00e7\u00e3o de acidentes de trabalho e doen\u00e7as profissionais, para uma participa\u00e7\u00e3o activa de todos na organiza\u00e7\u00e3o. Planeamento, implementa\u00e7\u00e3o e avalia\u00e7\u00e3o da Seguran\u00e7a e Sa\u00fade no Trabalho;<\/li>\n\n\n\n<li>Organiza\u00e7\u00e3o dos servi\u00e7os de Seguran\u00e7a e Sa\u00fade no Trabalho na empresa, com vista \u00e0 vigil\u00e2ncia da sa\u00fade dos trabalhadores e a preven\u00e7\u00e3o dos acidentes e doen\u00e7as profissionais;<\/li>\n\n\n\n<li>Definir e disponibilizar os recursos humanos e materiais necess\u00e1rios para a implementa\u00e7\u00e3o do sistema de Seguran\u00e7a e Sa\u00fade;<\/li>\n\n\n\n<li>Elabora\u00e7\u00e3o e Implementa\u00e7\u00e3o de Medidas de Autoprote\u00e7\u00e3o, atrav\u00e9s da adop\u00e7\u00e3o de medidas de primeiros socorros, combate a inc\u00eandios e evacua\u00e7\u00e3o com identifica\u00e7\u00e3o dos respons\u00e1veis, entre outras medidas;<\/li>\n\n\n\n<li>Acompanhar os objectivos mensur\u00e1veis estabelecidos no Sistema da Gest\u00e3o da Qualidade, quanto \u00e0 Seguran\u00e7a e Sa\u00fade;<\/li>\n\n\n\n<li>Promover a constante atualiza\u00e7\u00e3o \/ forma\u00e7\u00e3o dos t\u00e9cnicos diretamente envolvidos nos servi\u00e7os de coordena\u00e7\u00e3o de seguran\u00e7a;<\/li>\n\n\n\n<li>Ter em aten\u00e7\u00e3o a rela\u00e7\u00e3o entre as quest\u00f5es ambientais com a pol\u00edtica de sa\u00fade e seguran\u00e7a no trabalho;<\/li>\n<\/ul>\n\n\n\n<p>A&nbsp;<strong>Pol\u00edtica de Seguran\u00e7a e Sa\u00fade da organiza\u00e7\u00e3o<\/strong>&nbsp;serve de suporte \u00e0 defini\u00e7\u00e3o, por parte da organiza\u00e7\u00e3o, dos objetivos e metas para esta mat\u00e9ria, sendo da responsabilidade de todos.<\/p>\n\n\n<div class=\"wp-block-image\">\n<figure class=\"aligncenter size-full is-resized\"><a href=\"https:\/\/portico.com.pt\/portico\/wp-content\/uploads\/2024\/07\/Politica-de-Seguranca-e-Saude-no-Trabalho.pdf\"><img loading=\"lazy\" decoding=\"async\" width=\"592\" height=\"836\" src=\"https:\/\/portico.com.pt\/portico\/wp-content\/uploads\/2024\/07\/Captura-de-ecra-2024-07-02-113919.png\" alt=\"\" class=\"wp-image-29203\" style=\"width:317px;height:auto\" srcset=\"https:\/\/portico.megabit.pt\/portico\/wp-content\/uploads\/2024\/07\/Captura-de-ecra-2024-07-02-113919.png 592w, https:\/\/portico.megabit.pt\/portico\/wp-content\/uploads\/2024\/07\/Captura-de-ecra-2024-07-02-113919-212x300.png 212w\" sizes=\"auto, (max-width: 592px) 100vw, 592px\" \/><\/a><\/figure>\n<\/div>","protected":false},"excerpt":{"rendered":"<p>A P\u00f3rtico assume a condu\u00e7\u00e3o das suas atividades tendo como objetivo &#8220;zero acidentes&#8221; no mercado Nacional e Internacional, atrav\u00e9s da melhoria cont\u00ednua na gest\u00e3o e desempenho de seguran\u00e7a e com a defini\u00e7\u00e3o de objetivos concretos de progresso, ao n\u00edvel dos seus colaboradores, fornecedores, subcontratados, clientes, construtores e outras entidades com quem trabalha, dos quais destaca:&hellip;&nbsp;<a href=\"https:\/\/portico.megabit.pt\/portico\/seguranca-e-saude-no-trabalho\/\" class=\"\" rel=\"bookmark\">Ler mais &raquo;<span class=\"screen-reader-text\">Seguran\u00e7a e Sa\u00fade no trabalho<\/span><\/a><\/p>\n","protected":false},"author":1,"featured_media":0,"parent":0,"menu_order":0,"comment_status":"closed","ping_status":"closed","template":"","meta":{"_monsterinsights_skip_tracking":false,"_monsterinsights_sitenote_active":false,"_monsterinsights_sitenote_note":"","_monsterinsights_sitenote_category":0,"neve_meta_sidebar":"","neve_meta_container":"","neve_meta_enable_content_width":"","neve_meta_content_width":0,"neve_meta_title_alignment":"","neve_meta_author_avatar":"","neve_post_elements_order":"","neve_meta_disable_header":"","neve_meta_disable_footer":"","neve_meta_disable_title":"","_themeisle_gutenberg_block_has_review":false,"_ti_tpc_template_sync":false,"_ti_tpc_template_id":"","footnotes":""},"class_list":["post-27146","page","type-page","status-publish","hentry"],"yoast_head":"<!-- This site is optimized with the Yoast SEO plugin v22.0 - https:\/\/yoast.com\/wordpress\/plugins\/seo\/ -->\n<title>Seguran\u00e7a e Sa\u00fade no trabalho - P\u00f3rtico - Arquitetura e Engenharia, Lda<\/title>\n<meta name=\"robots\" content=\"index, follow, max-snippet:-1, max-image-preview:large, max-video-preview:-1\" \/>\n<link rel=\"canonical\" href=\"https:\/\/portico.megabit.pt\/portico\/seguranca-e-saude-no-trabalho\/\" \/>\n<meta property=\"og:locale\" content=\"pt_PT\" \/>\n<meta property=\"og:type\" content=\"article\" \/>\n<meta property=\"og:title\" content=\"Seguran\u00e7a e Sa\u00fade no trabalho - P\u00f3rtico - Arquitetura e Engenharia, Lda\" \/>\n<meta property=\"og:description\" content=\"A P\u00f3rtico assume a condu\u00e7\u00e3o das suas atividades tendo como objetivo &#8220;zero acidentes&#8221; no mercado Nacional e Internacional, atrav\u00e9s da melhoria cont\u00ednua na gest\u00e3o e desempenho de seguran\u00e7a e com a defini\u00e7\u00e3o de objetivos concretos de progresso, ao n\u00edvel dos seus colaboradores, fornecedores, subcontratados, clientes, construtores e outras entidades com quem trabalha, dos quais destaca:&hellip;&nbsp;Ler mais &raquo;Seguran\u00e7a e Sa\u00fade no trabalho\" \/>\n<meta property=\"og:url\" content=\"https:\/\/portico.megabit.pt\/portico\/seguranca-e-saude-no-trabalho\/\" \/>\n<meta property=\"og:site_name\" content=\"P\u00f3rtico - Arquitetura e Engenharia, Lda\" \/>\n<meta property=\"article:modified_time\" content=\"2024-07-02T10:40:52+00:00\" \/>\n<meta property=\"og:image\" content=\"https:\/\/dsmarketing.pt\/portico\/wp-content\/uploads\/2024\/02\/port.png\" \/>\n<meta name=\"twitter:card\" content=\"summary_large_image\" \/>\n<script type=\"application\/ld+json\" class=\"yoast-schema-graph\">{\"@context\":\"https:\/\/schema.org\",\"@graph\":[{\"@type\":\"WebPage\",\"@id\":\"https:\/\/portico.megabit.pt\/portico\/seguranca-e-saude-no-trabalho\/\",\"url\":\"https:\/\/portico.megabit.pt\/portico\/seguranca-e-saude-no-trabalho\/\",\"name\":\"Seguran\u00e7a e Sa\u00fade no trabalho - P\u00f3rtico - Arquitetura e Engenharia, Lda\",\"isPartOf\":{\"@id\":\"https:\/\/portico.megabit.pt\/portico\/#website\"},\"datePublished\":\"2024-02-19T10:20:03+00:00\",\"dateModified\":\"2024-07-02T10:40:52+00:00\",\"breadcrumb\":{\"@id\":\"https:\/\/portico.megabit.pt\/portico\/seguranca-e-saude-no-trabalho\/#breadcrumb\"},\"inLanguage\":\"pt-PT\",\"potentialAction\":[{\"@type\":\"ReadAction\",\"target\":[\"https:\/\/portico.megabit.pt\/portico\/seguranca-e-saude-no-trabalho\/\"]}]},{\"@type\":\"BreadcrumbList\",\"@id\":\"https:\/\/portico.megabit.pt\/portico\/seguranca-e-saude-no-trabalho\/#breadcrumb\",\"itemListElement\":[{\"@type\":\"ListItem\",\"position\":1,\"name\":\"In\u00edcio\",\"item\":\"https:\/\/portico.megabit.pt\/portico\/\"},{\"@type\":\"ListItem\",\"position\":2,\"name\":\"Seguran\u00e7a e Sa\u00fade no trabalho\"}]},{\"@type\":\"WebSite\",\"@id\":\"https:\/\/portico.megabit.pt\/portico\/#website\",\"url\":\"https:\/\/portico.megabit.pt\/portico\/\",\"name\":\"P\u00f3rtico - Arquitetura e Engenharia, Lda\",\"description\":\"Arquitetura e Engenharia, Lda.\",\"publisher\":{\"@id\":\"https:\/\/portico.megabit.pt\/portico\/#organization\"},\"potentialAction\":[{\"@type\":\"SearchAction\",\"target\":{\"@type\":\"EntryPoint\",\"urlTemplate\":\"https:\/\/portico.megabit.pt\/portico\/?s={search_term_string}\"},\"query-input\":\"required name=search_term_string\"}],\"inLanguage\":\"pt-PT\"},{\"@type\":\"Organization\",\"@id\":\"https:\/\/portico.megabit.pt\/portico\/#organization\",\"name\":\"P\u00f3rtico - Arquitetura e Engenharia, Lda\",\"url\":\"https:\/\/portico.megabit.pt\/portico\/\",\"logo\":{\"@type\":\"ImageObject\",\"inLanguage\":\"pt-PT\",\"@id\":\"https:\/\/portico.megabit.pt\/portico\/#\/schema\/logo\/image\/\",\"url\":\"https:\/\/portico.megabit.pt\/portico\/wp-content\/uploads\/2020\/12\/Group-2-1.png\",\"contentUrl\":\"https:\/\/portico.megabit.pt\/portico\/wp-content\/uploads\/2020\/12\/Group-2-1.png\",\"width\":210,\"height\":369,\"caption\":\"P\u00f3rtico - Arquitetura e Engenharia, Lda\"},\"image\":{\"@id\":\"https:\/\/portico.megabit.pt\/portico\/#\/schema\/logo\/image\/\"}}]}<\/script>\n<!-- \/ Yoast SEO plugin. -->","yoast_head_json":{"title":"Seguran\u00e7a e Sa\u00fade no trabalho - P\u00f3rtico - Arquitetura e Engenharia, Lda","robots":{"index":"index","follow":"follow","max-snippet":"max-snippet:-1","max-image-preview":"max-image-preview:large","max-video-preview":"max-video-preview:-1"},"canonical":"https:\/\/portico.megabit.pt\/portico\/seguranca-e-saude-no-trabalho\/","og_locale":"pt_PT","og_type":"article","og_title":"Seguran\u00e7a e Sa\u00fade no trabalho - P\u00f3rtico - Arquitetura e Engenharia, Lda","og_description":"A P\u00f3rtico assume a condu\u00e7\u00e3o das suas atividades tendo como objetivo &#8220;zero acidentes&#8221; no mercado Nacional e Internacional, atrav\u00e9s da melhoria cont\u00ednua na gest\u00e3o e desempenho de seguran\u00e7a e com a defini\u00e7\u00e3o de objetivos concretos de progresso, ao n\u00edvel dos seus colaboradores, fornecedores, subcontratados, clientes, construtores e outras entidades com quem trabalha, dos quais destaca:&hellip;&nbsp;Ler mais &raquo;Seguran\u00e7a e Sa\u00fade no trabalho","og_url":"https:\/\/portico.megabit.pt\/portico\/seguranca-e-saude-no-trabalho\/","og_site_name":"P\u00f3rtico - Arquitetura e Engenharia, Lda","article_modified_time":"2024-07-02T10:40:52+00:00","og_image":[{"url":"https:\/\/dsmarketing.pt\/portico\/wp-content\/uploads\/2024\/02\/port.png"}],"twitter_card":"summary_large_image","schema":{"@context":"https:\/\/schema.org","@graph":[{"@type":"WebPage","@id":"https:\/\/portico.megabit.pt\/portico\/seguranca-e-saude-no-trabalho\/","url":"https:\/\/portico.megabit.pt\/portico\/seguranca-e-saude-no-trabalho\/","name":"Seguran\u00e7a e Sa\u00fade no trabalho - P\u00f3rtico - Arquitetura e Engenharia, Lda","isPartOf":{"@id":"https:\/\/portico.megabit.pt\/portico\/#website"},"datePublished":"2024-02-19T10:20:03+00:00","dateModified":"2024-07-02T10:40:52+00:00","breadcrumb":{"@id":"https:\/\/portico.megabit.pt\/portico\/seguranca-e-saude-no-trabalho\/#breadcrumb"},"inLanguage":"pt-PT","potentialAction":[{"@type":"ReadAction","target":["https:\/\/portico.megabit.pt\/portico\/seguranca-e-saude-no-trabalho\/"]}]},{"@type":"BreadcrumbList","@id":"https:\/\/portico.megabit.pt\/portico\/seguranca-e-saude-no-trabalho\/#breadcrumb","itemListElement":[{"@type":"ListItem","position":1,"name":"In\u00edcio","item":"https:\/\/portico.megabit.pt\/portico\/"},{"@type":"ListItem","position":2,"name":"Seguran\u00e7a e Sa\u00fade no trabalho"}]},{"@type":"WebSite","@id":"https:\/\/portico.megabit.pt\/portico\/#website","url":"https:\/\/portico.megabit.pt\/portico\/","name":"P\u00f3rtico - Arquitetura e Engenharia, Lda","description":"Arquitetura e Engenharia, Lda.","publisher":{"@id":"https:\/\/portico.megabit.pt\/portico\/#organization"},"potentialAction":[{"@type":"SearchAction","target":{"@type":"EntryPoint","urlTemplate":"https:\/\/portico.megabit.pt\/portico\/?s={search_term_string}"},"query-input":"required name=search_term_string"}],"inLanguage":"pt-PT"},{"@type":"Organization","@id":"https:\/\/portico.megabit.pt\/portico\/#organization","name":"P\u00f3rtico - Arquitetura e Engenharia, Lda","url":"https:\/\/portico.megabit.pt\/portico\/","logo":{"@type":"ImageObject","inLanguage":"pt-PT","@id":"https:\/\/portico.megabit.pt\/portico\/#\/schema\/logo\/image\/","url":"https:\/\/portico.megabit.pt\/portico\/wp-content\/uploads\/2020\/12\/Group-2-1.png","contentUrl":"https:\/\/portico.megabit.pt\/portico\/wp-content\/uploads\/2020\/12\/Group-2-1.png","width":210,"height":369,"caption":"P\u00f3rtico - Arquitetura e Engenharia, Lda"},"image":{"@id":"https:\/\/portico.megabit.pt\/portico\/#\/schema\/logo\/image\/"}}]}},"_links":{"self":[{"href":"https:\/\/portico.megabit.pt\/portico\/wp-json\/wp\/v2\/pages\/27146","targetHints":{"allow":["GET"]}}],"collection":[{"href":"https:\/\/portico.megabit.pt\/portico\/wp-json\/wp\/v2\/pages"}],"about":[{"href":"https:\/\/portico.megabit.pt\/portico\/wp-json\/wp\/v2\/types\/page"}],"author":[{"embeddable":true,"href":"https:\/\/portico.megabit.pt\/portico\/wp-json\/wp\/v2\/users\/1"}],"replies":[{"embeddable":true,"href":"https:\/\/portico.megabit.pt\/portico\/wp-json\/wp\/v2\/comments?post=27146"}],"version-history":[{"count":6,"href":"https:\/\/portico.megabit.pt\/portico\/wp-json\/wp\/v2\/pages\/27146\/revisions"}],"predecessor-version":[{"id":29206,"href":"https:\/\/portico.megabit.pt\/portico\/wp-json\/wp\/v2\/pages\/27146\/revisions\/29206"}],"wp:attachment":[{"href":"https:\/\/portico.megabit.pt\/portico\/wp-json\/wp\/v2\/media?parent=27146"}],"curies":[{"name":"wp","href":"https:\/\/api.w.org\/{rel}","templated":true}]}}