{"id":25800,"date":"2023-05-08T14:39:03","date_gmt":"2023-05-08T14:39:03","guid":{"rendered":"https:\/\/dsmarketing.pt\/portico\/?page_id=25800"},"modified":"2023-05-08T14:40:05","modified_gmt":"2023-05-08T14:40:05","slug":"fiscalizacao-de-obras","status":"publish","type":"page","link":"https:\/\/portico.megabit.pt\/portico\/fiscalizacao-de-obras\/","title":{"rendered":"Fiscaliza\u00e7\u00e3o de Obras"},"content":{"rendered":"<p>TEMOS PAIX\u00c3O<br \/>\n\t\t\tNO QUE FAZEMOS!\t\t<\/p>\n<p>Fiscaliza\u00e7\u00e3o de Obras<\/p>\n<picture><source srcset=\"https:\/\/dsmarketing.pt\/portico\/wp-content\/uploads\/2023\/05\/SAM_2351_1-thegem-portfolio-metro.jpg 1x, https:\/\/dsmarketing.pt\/portico\/wp-content\/uploads\/2023\/05\/SAM_2351_1-thegem-portfolio-metro-retina.jpg 2x\" media=\"(max-width: 767px)\"  sizes=\"100vw\"><source srcset=\"https:\/\/dsmarketing.pt\/portico\/wp-content\/uploads\/2023\/05\/SAM_2351_1-thegem-portfolio-metro-medium.jpg 1x, https:\/\/dsmarketing.pt\/portico\/wp-content\/uploads\/2023\/05\/SAM_2351_1-thegem-portfolio-metro-retina.jpg 2x\" media=\"(max-width: 992px)\"  sizes=\"100vw\"><source srcset=\"https:\/\/dsmarketing.pt\/portico\/wp-content\/uploads\/2023\/05\/SAM_2351_1-thegem-portfolio-metro.jpg 1x, https:\/\/dsmarketing.pt\/portico\/wp-content\/uploads\/2023\/05\/SAM_2351_1-thegem-portfolio-metro-retina.jpg 2x\"   sizes=\"100vw\"><source srcset=\"https:\/\/dsmarketing.pt\/portico\/wp-content\/uploads\/2023\/05\/SAM_2351_1-thegem-portfolio-metro-medium.jpg 1x, https:\/\/dsmarketing.pt\/portico\/wp-content\/uploads\/2023\/05\/SAM_2351_1-thegem-portfolio-metro-retina.jpg 2x\" media=\"(min-width: 550px) and (max-width: 1100px)\"  sizes=\"100vw\"><img loading=\"lazy\" decoding=\"async\" src=\"https:\/\/dsmarketing.pt\/portico\/wp-content\/uploads\/2023\/05\/SAM_2351_1-thegem-portfolio-metro.jpg\" width=\"261\" height=\"500\"  alt=\"Polidesportivo Instituto Polit\u00e9cnico de Viseu\" \/>\n\t\t<\/picture>\n\t\t\t\t\t\t\t\t\t\t\t\t\t\t<a href=\"https:\/\/dsmarketing.pt\/portico\/pf\/moradia-avintes-2\/\" target=\"_self\" data-elementor-open-lightbox=\"no\" rel=\"noopener\"><br \/>\n\t\t\t\t\t\t\t\t\tPolidesportivo Instituto Polit\u00e9cnico de Viseu<br \/>\n\t\t\t\t\t\t\t\t<\/a><br \/>\n\t\t\t\t\t\t\t\t\tPolidesportivo Instituto Polit\u00e9cnico de Viseu<br \/>\n\t\t\t\t\t\t\t\t\t<!-- .portflio-set --><br \/>\n\t\t\t\t\t\t\t\t\t\t\t\t\t\t\t\t\t<!-- .row--><br \/>\n\t\t\t\t\t<!-- .full-width --><br \/>\n\t\t\t\t<!-- .portfolio--><br \/>\n\t\t\t<!-- .portfolio-preloader-wrapper--><\/p>\n","protected":false},"excerpt":{"rendered":"<p>TEMOS PAIX\u00c3O NO QUE FAZEMOS! Fiscaliza\u00e7\u00e3o de Obras Polidesportivo Instituto Polit\u00e9cnico de Viseu Polidesportivo Instituto Polit\u00e9cnico de Viseu<\/p>\n","protected":false},"author":1,"featured_media":0,"parent":0,"menu_order":0,"comment_status":"closed","ping_status":"closed","template":"page-fullwidth.php","meta":{"_monsterinsights_skip_tracking":false,"_monsterinsights_sitenote_active":false,"_monsterinsights_sitenote_note":"","_monsterinsights_sitenote_category":0,"neve_meta_sidebar":"","neve_meta_container":"","neve_meta_enable_content_width":"","neve_meta_content_width":0,"neve_meta_title_alignment":"","neve_meta_author_avatar":"","neve_post_elements_order":"","neve_meta_disable_header":"","neve_meta_disable_footer":"","neve_meta_disable_title":"","_themeisle_gutenberg_block_has_review":false,"_ti_tpc_template_sync":false,"_ti_tpc_template_id":"","footnotes":""},"class_list":["post-25800","page","type-page","status-publish","hentry"],"yoast_head":"<!-- This site is optimized with the Yoast SEO plugin v22.0 - https:\/\/yoast.com\/wordpress\/plugins\/seo\/ -->\n<title>Fiscaliza\u00e7\u00e3o de Obras - P\u00f3rtico - Arquitetura e Engenharia, Lda<\/title>\n<meta name=\"robots\" content=\"index, follow, max-snippet:-1, max-image-preview:large, max-video-preview:-1\" \/>\n<link rel=\"canonical\" href=\"https:\/\/portico.megabit.pt\/portico\/fiscalizacao-de-obras\/\" \/>\n<meta property=\"og:locale\" content=\"pt_PT\" \/>\n<meta property=\"og:type\" content=\"article\" \/>\n<meta property=\"og:title\" content=\"Fiscaliza\u00e7\u00e3o de Obras - P\u00f3rtico - Arquitetura e Engenharia, Lda\" \/>\n<meta property=\"og:description\" content=\"TEMOS PAIX\u00c3O NO QUE FAZEMOS! Fiscaliza\u00e7\u00e3o de Obras Polidesportivo Instituto Polit\u00e9cnico de Viseu Polidesportivo Instituto Polit\u00e9cnico de Viseu\" \/>\n<meta property=\"og:url\" content=\"https:\/\/portico.megabit.pt\/portico\/fiscalizacao-de-obras\/\" \/>\n<meta property=\"og:site_name\" content=\"P\u00f3rtico - Arquitetura e Engenharia, Lda\" \/>\n<meta property=\"article:modified_time\" content=\"2023-05-08T14:40:05+00:00\" \/>\n<meta property=\"og:image\" content=\"https:\/\/dsmarketing.pt\/portico\/wp-content\/uploads\/2023\/05\/SAM_2351_1-thegem-portfolio-metro.jpg\" \/>\n<meta name=\"twitter:card\" content=\"summary_large_image\" \/>\n<meta name=\"twitter:label1\" content=\"Tempo estimado de leitura\" \/>\n\t<meta name=\"twitter:data1\" content=\"1 minuto\" \/>\n<script type=\"application\/ld+json\" class=\"yoast-schema-graph\">{\"@context\":\"https:\/\/schema.org\",\"@graph\":[{\"@type\":\"WebPage\",\"@id\":\"https:\/\/portico.megabit.pt\/portico\/fiscalizacao-de-obras\/\",\"url\":\"https:\/\/portico.megabit.pt\/portico\/fiscalizacao-de-obras\/\",\"name\":\"Fiscaliza\u00e7\u00e3o de Obras - P\u00f3rtico - Arquitetura e Engenharia, Lda\",\"isPartOf\":{\"@id\":\"https:\/\/portico.megabit.pt\/portico\/#website\"},\"datePublished\":\"2023-05-08T14:39:03+00:00\",\"dateModified\":\"2023-05-08T14:40:05+00:00\",\"breadcrumb\":{\"@id\":\"https:\/\/portico.megabit.pt\/portico\/fiscalizacao-de-obras\/#breadcrumb\"},\"inLanguage\":\"pt-PT\",\"potentialAction\":[{\"@type\":\"ReadAction\",\"target\":[\"https:\/\/portico.megabit.pt\/portico\/fiscalizacao-de-obras\/\"]}]},{\"@type\":\"BreadcrumbList\",\"@id\":\"https:\/\/portico.megabit.pt\/portico\/fiscalizacao-de-obras\/#breadcrumb\",\"itemListElement\":[{\"@type\":\"ListItem\",\"position\":1,\"name\":\"In\u00edcio\",\"item\":\"https:\/\/portico.megabit.pt\/portico\/\"},{\"@type\":\"ListItem\",\"position\":2,\"name\":\"Fiscaliza\u00e7\u00e3o de Obras\"}]},{\"@type\":\"WebSite\",\"@id\":\"https:\/\/portico.megabit.pt\/portico\/#website\",\"url\":\"https:\/\/portico.megabit.pt\/portico\/\",\"name\":\"P\u00f3rtico - Arquitetura e Engenharia, Lda\",\"description\":\"Arquitetura e Engenharia, Lda.\",\"publisher\":{\"@id\":\"https:\/\/portico.megabit.pt\/portico\/#organization\"},\"potentialAction\":[{\"@type\":\"SearchAction\",\"target\":{\"@type\":\"EntryPoint\",\"urlTemplate\":\"https:\/\/portico.megabit.pt\/portico\/?s={search_term_string}\"},\"query-input\":\"required name=search_term_string\"}],\"inLanguage\":\"pt-PT\"},{\"@type\":\"Organization\",\"@id\":\"https:\/\/portico.megabit.pt\/portico\/#organization\",\"name\":\"P\u00f3rtico - Arquitetura e Engenharia, Lda\",\"url\":\"https:\/\/portico.megabit.pt\/portico\/\",\"logo\":{\"@type\":\"ImageObject\",\"inLanguage\":\"pt-PT\",\"@id\":\"https:\/\/portico.megabit.pt\/portico\/#\/schema\/logo\/image\/\",\"url\":\"https:\/\/portico.megabit.pt\/portico\/wp-content\/uploads\/2020\/12\/Group-2-1.png\",\"contentUrl\":\"https:\/\/portico.megabit.pt\/portico\/wp-content\/uploads\/2020\/12\/Group-2-1.png\",\"width\":210,\"height\":369,\"caption\":\"P\u00f3rtico - Arquitetura e Engenharia, Lda\"},\"image\":{\"@id\":\"https:\/\/portico.megabit.pt\/portico\/#\/schema\/logo\/image\/\"}}]}<\/script>\n<!-- \/ Yoast SEO plugin. -->","yoast_head_json":{"title":"Fiscaliza\u00e7\u00e3o de Obras - P\u00f3rtico - Arquitetura e Engenharia, Lda","robots":{"index":"index","follow":"follow","max-snippet":"max-snippet:-1","max-image-preview":"max-image-preview:large","max-video-preview":"max-video-preview:-1"},"canonical":"https:\/\/portico.megabit.pt\/portico\/fiscalizacao-de-obras\/","og_locale":"pt_PT","og_type":"article","og_title":"Fiscaliza\u00e7\u00e3o de Obras - P\u00f3rtico - Arquitetura e Engenharia, Lda","og_description":"TEMOS PAIX\u00c3O NO QUE FAZEMOS! Fiscaliza\u00e7\u00e3o de Obras Polidesportivo Instituto Polit\u00e9cnico de Viseu Polidesportivo Instituto Polit\u00e9cnico de Viseu","og_url":"https:\/\/portico.megabit.pt\/portico\/fiscalizacao-de-obras\/","og_site_name":"P\u00f3rtico - Arquitetura e Engenharia, Lda","article_modified_time":"2023-05-08T14:40:05+00:00","og_image":[{"url":"https:\/\/dsmarketing.pt\/portico\/wp-content\/uploads\/2023\/05\/SAM_2351_1-thegem-portfolio-metro.jpg"}],"twitter_card":"summary_large_image","twitter_misc":{"Tempo estimado de leitura":"1 minuto"},"schema":{"@context":"https:\/\/schema.org","@graph":[{"@type":"WebPage","@id":"https:\/\/portico.megabit.pt\/portico\/fiscalizacao-de-obras\/","url":"https:\/\/portico.megabit.pt\/portico\/fiscalizacao-de-obras\/","name":"Fiscaliza\u00e7\u00e3o de Obras - P\u00f3rtico - Arquitetura e Engenharia, Lda","isPartOf":{"@id":"https:\/\/portico.megabit.pt\/portico\/#website"},"datePublished":"2023-05-08T14:39:03+00:00","dateModified":"2023-05-08T14:40:05+00:00","breadcrumb":{"@id":"https:\/\/portico.megabit.pt\/portico\/fiscalizacao-de-obras\/#breadcrumb"},"inLanguage":"pt-PT","potentialAction":[{"@type":"ReadAction","target":["https:\/\/portico.megabit.pt\/portico\/fiscalizacao-de-obras\/"]}]},{"@type":"BreadcrumbList","@id":"https:\/\/portico.megabit.pt\/portico\/fiscalizacao-de-obras\/#breadcrumb","itemListElement":[{"@type":"ListItem","position":1,"name":"In\u00edcio","item":"https:\/\/portico.megabit.pt\/portico\/"},{"@type":"ListItem","position":2,"name":"Fiscaliza\u00e7\u00e3o de Obras"}]},{"@type":"WebSite","@id":"https:\/\/portico.megabit.pt\/portico\/#website","url":"https:\/\/portico.megabit.pt\/portico\/","name":"P\u00f3rtico - Arquitetura e Engenharia, Lda","description":"Arquitetura e Engenharia, Lda.","publisher":{"@id":"https:\/\/portico.megabit.pt\/portico\/#organization"},"potentialAction":[{"@type":"SearchAction","target":{"@type":"EntryPoint","urlTemplate":"https:\/\/portico.megabit.pt\/portico\/?s={search_term_string}"},"query-input":"required name=search_term_string"}],"inLanguage":"pt-PT"},{"@type":"Organization","@id":"https:\/\/portico.megabit.pt\/portico\/#organization","name":"P\u00f3rtico - Arquitetura e Engenharia, Lda","url":"https:\/\/portico.megabit.pt\/portico\/","logo":{"@type":"ImageObject","inLanguage":"pt-PT","@id":"https:\/\/portico.megabit.pt\/portico\/#\/schema\/logo\/image\/","url":"https:\/\/portico.megabit.pt\/portico\/wp-content\/uploads\/2020\/12\/Group-2-1.png","contentUrl":"https:\/\/portico.megabit.pt\/portico\/wp-content\/uploads\/2020\/12\/Group-2-1.png","width":210,"height":369,"caption":"P\u00f3rtico - Arquitetura e Engenharia, Lda"},"image":{"@id":"https:\/\/portico.megabit.pt\/portico\/#\/schema\/logo\/image\/"}}]}},"_links":{"self":[{"href":"https:\/\/portico.megabit.pt\/portico\/wp-json\/wp\/v2\/pages\/25800","targetHints":{"allow":["GET"]}}],"collection":[{"href":"https:\/\/portico.megabit.pt\/portico\/wp-json\/wp\/v2\/pages"}],"about":[{"href":"https:\/\/portico.megabit.pt\/portico\/wp-json\/wp\/v2\/types\/page"}],"author":[{"embeddable":true,"href":"https:\/\/portico.megabit.pt\/portico\/wp-json\/wp\/v2\/users\/1"}],"replies":[{"embeddable":true,"href":"https:\/\/portico.megabit.pt\/portico\/wp-json\/wp\/v2\/comments?post=25800"}],"version-history":[{"count":4,"href":"https:\/\/portico.megabit.pt\/portico\/wp-json\/wp\/v2\/pages\/25800\/revisions"}],"predecessor-version":[{"id":25804,"href":"https:\/\/portico.megabit.pt\/portico\/wp-json\/wp\/v2\/pages\/25800\/revisions\/25804"}],"wp:attachment":[{"href":"https:\/\/portico.megabit.pt\/portico\/wp-json\/wp\/v2\/media?parent=25800"}],"curies":[{"name":"wp","href":"https:\/\/api.w.org\/{rel}","templated":true}]}}