{"id":25718,"date":"2023-05-08T10:04:55","date_gmt":"2023-05-08T10:04:55","guid":{"rendered":"https:\/\/dsmarketing.pt\/portico\/?page_id=25718"},"modified":"2024-10-13T11:27:31","modified_gmt":"2024-10-13T11:27:31","slug":"consultoria-e-prestacao-de-servicos","status":"publish","type":"page","link":"https:\/\/portico.megabit.pt\/portico\/consultoria-e-prestacao-de-servicos\/","title":{"rendered":"Consultoria e Presta\u00e7\u00e3o de Servi\u00e7os"},"content":{"rendered":"\n<p>No Mercado da Constru\u00e7\u00e3o o principal objetivo \u00e9 maximizar a rentabilidade do investimento, desde a \u201cquest\u00e3o mais simples\u201d at\u00e9 \u00e0 op\u00e7\u00e3o econ\u00f3mica mais complexa, passando pela elucida\u00e7\u00e3o e assist\u00eancia t\u00e9cnica, com especial incid\u00eancia no alerta para os poss\u00edveis erros que possam ocorrer durante o processo. Ainda fazemos an\u00e1lise de propostas, valora\u00e7\u00f5es, avalia\u00e7\u00f5es, analisamos projetos, damos pareceres t\u00e9cnicos e elaboramos seus estudos de impacto econ\u00f4mico e ambiental, conforme descrito abaixo.<\/p>\n\n\n\n<p><strong>Gest\u00e3o da Qualidade<\/strong><\/p>\n\n\n\n<p>Na \u00e1rea de Gest\u00e3o Integrada de Projetos desenvolvemos diversos servi\u00e7os, dos quais destacamos: Gest\u00e3o e Coordena\u00e7\u00e3o de Projetos: Supervis\u00e3o e Coordena\u00e7\u00e3o de Projeto; Planeamento e Controlo de Custos; Revis\u00e3o de Projeto e no Lan\u00e7amento e Gest\u00e3o de Concursos: Tramita\u00e7\u00e3o procedimental;&nbsp; Avalia\u00e7\u00e3o de propostas; Adjudica\u00e7\u00e3o; Acessoria na elabora\u00e7\u00e3o do contrato e caderno de encargos.<\/p>\n\n\n\n<p>A prepara\u00e7\u00e3o, o lan\u00e7amento da empreitada, a gest\u00e3o de recursos e o acompanhamento da implementa\u00e7\u00e3o de m\u00e9todos corretos e eficazes de execu\u00e7\u00e3o, com base numa gest\u00e3o da qualidade face aos objetivos do Dono de Obra, s\u00e3o uma garantia para que a realidade prevista seja sentida no tempo, espa\u00e7o e dom\u00ednio desejado. Os nossos quadros t\u00e9cnicos asseguram-nos essa realidade.<\/p>\n\n\n\n<p><strong>Topografia e Levantamento de Edif\u00edcios Existentes<\/strong><\/p>\n\n\n\n<p>A cada dia que passa, Projetistas, Fiscaliza\u00e7\u00f5es e Construtores s\u00e3o confrontados com quest\u00f5es de ordem t\u00e9cnica.<\/p>\n\n\n\n<p>Toda a evolu\u00e7\u00e3o da Constru\u00e7\u00e3o Civil e Obras P\u00fablicas aponta para solu\u00e7\u00f5es econ\u00f3micas, mais r\u00e1pidas e precisas. Por vezes, a resposta est\u00e1 no terreno que se pisa.<\/p>\n\n\n\n<p>O elevado n\u00edvel de competitividade obriga todas as entidades envolvidas no processo a minimizar custos e a maximizar rendimentos.<\/p>\n\n\n\n<p>O homem \u00e9 auxiliado por m\u00e1quinas. Assim, todos os processos rudimentares s\u00e3o lentamente abandonados, dando lugar a m\u00e9todos mais eficazes e mais r\u00e1pidos, alertando problemas futuros com o objetivo da sua elimina\u00e7\u00e3o.<\/p>\n\n\n\n<p>Neste campo, a topografia d\u00e1 o seu contributo!<\/p>\n\n\n\n<p>Um trabalho especializado que se desenvolve no levantamento topogr\u00e1fico, no nivelamento, no c\u00e1lculo de \u00e1reas, nas implanta\u00e7\u00f5es rigorosas aplicadas em diversas modalidades, assim como o levantamento de edif\u00edcios.<\/p>\n\n\n\n<p><strong>Avalia\u00e7\u00e3o Imobili\u00e1ria<\/strong><\/p>\n\n\n\n<p>Face a um mercado em constante expans\u00e3o, a P\u00f3rtico tem forma\u00e7\u00e3o acad\u00e9mica adequada a este tipo de servi\u00e7o, nomeadamente no que concerne \u00e0 certifica\u00e7\u00e3o de peritos avaliadores de im\u00f3veis de fundos de Investimento imobili\u00e1rio.<\/p>\n\n\n\n<p>A Empresa tem j\u00e1 uma vasta experi\u00eancia nesta \u00e1rea, estando sempre atual, o que viabiliza uma resposta de rigor ao mercado imobili\u00e1rio, cada vez mais complexo e competitivo.<\/p>\n\n\n\n<p><strong>Vistorias (Liberta\u00e7\u00e3o de Garantias)\/ Peritagens<\/strong><\/p>\n\n\n\n<p>A \u00e1rea da constru\u00e7\u00e3o Civil sofreu grandes impactos na sua gest\u00e3o durante a \u00faltima d\u00e9cada. As altera\u00e7\u00f5es ocorridas no setor da Constru\u00e7\u00e3o Civil s\u00e3o decorrentes de repercuss\u00e3o de grandes desperd\u00edcios com material, equipamentos e altos \u00edndices de acidentes de trabalho, reduzindo drasticamente a economia da empresa e n\u00e3o atendendo \u00e0s exig\u00eancias do cliente quanto ao pre\u00e7o e, \u00e0s vezes, quanto \u00e0 qualidade necess\u00e1ria.<\/p>\n\n\n\n<p>Face \u00e0s exig\u00eancias de mercado, tem-se verificado o aumento do n\u00edvel de qualidade da constru\u00e7\u00e3o em Portugal, n\u00e3o s\u00f3 pelo crescente conhecimento por parte dos clientes, mas tamb\u00e9m pelas exig\u00eancias legais, nomeadamente em termos de Efici\u00eancia Energ\u00e9tica dos edif\u00edcios. Os m\u00e9todos construtivos bem como os respetivos processos s\u00e3o fundamentais na an\u00e1lise das edifica\u00e7\u00f5es e confirma\u00e7\u00e3o da sua qualidade.<\/p>\n\n\n\n<p><\/p>\n\n\n\n<div class=\"wp-block-columns is-layout-flex wp-container-core-columns-is-layout-9d6595d7 wp-block-columns-is-layout-flex\">\n<div class=\"wp-block-column is-layout-flow wp-block-column-is-layout-flow\">\n<p class=\"has-text-align-center has-nv-dark-bg-color has-text-color has-link-color wp-elements-587873fd0997ae88e4e629ccf888cac5\"><strong><a href=\"https:\/\/portico.com.pt\/portico\/wp-content\/uploads\/2024\/02\/Consultadoria-Vistorias.pdf\">Ver Portf\u00f3lio \u2013 CVs<\/a><\/strong><\/p>\n\n\n\n<figure class=\"wp-block-image size-large\"><img decoding=\"async\" src=\"https:\/\/portico.com.pt\/portico\/wp-content\/uploads\/2024\/02\/Design-sem-nome-72.png\" alt=\"\"\/><\/figure>\n\n\n\n<p class=\"has-text-align-center\"><strong>Vistorias<\/strong><\/p>\n<\/div>\n\n\n\n<div class=\"wp-block-column is-layout-flow wp-block-column-is-layout-flow\">\n<p class=\"has-text-align-center has-neve-text-color-color has-text-color has-link-color wp-elements-d41100ec282c2a96168d3957806a29a0\"><strong><a href=\"https:\/\/portico.com.pt\/portico\/wp-content\/uploads\/2024\/02\/Consultadoria-Peritagens.pdf\">Ver Portf\u00f3lio \u2013 CVs<\/a><\/strong><\/p>\n\n\n\n<figure class=\"wp-block-image size-large\"><img decoding=\"async\" src=\"https:\/\/portico.com.pt\/portico\/wp-content\/uploads\/2024\/02\/Design-sem-nome-71.png\" alt=\"\"\/><\/figure>\n\n\n\n<p class=\"has-text-align-center\"><strong>Peritagens<\/strong><\/p>\n<\/div>\n\n\n\n<div class=\"wp-block-column is-layout-flow wp-block-column-is-layout-flow\">\n<p class=\"has-text-align-center has-neve-text-color-color has-text-color has-link-color wp-elements-36f21aa4150377ddd4120e2277d2e255\"><strong><a href=\"https:\/\/portico.com.pt\/portico\/wp-content\/uploads\/2024\/02\/Consultadoria-Avaliacao-Imobiliaria.pdf\">Ver Portf\u00f3lio \u2013 CVs<\/a><\/strong><\/p>\n\n\n\n<figure class=\"wp-block-image size-large\"><img decoding=\"async\" src=\"https:\/\/portico.com.pt\/portico\/wp-content\/uploads\/2024\/02\/Design-sem-nome-73.png\" alt=\"\"\/><\/figure>\n\n\n\n<p class=\"has-text-align-center\"><strong>Avalia\u00e7\u00e3o imobili\u00e1ria<\/strong><\/p>\n<\/div>\n<\/div>\n\n\n\n<p><\/p>\n\n\n\n<p class=\"has-text-align-center\"><strong>Pal\u00e1cio Nacional da Ajuda<\/strong><\/p>\n\n\n\n<div class=\"wp-block-columns is-layout-flex wp-container-core-columns-is-layout-9d6595d7 wp-block-columns-is-layout-flex\">\n<div class=\"wp-block-column is-layout-flow wp-block-column-is-layout-flow\"><\/div>\n\n\n\n<div class=\"wp-block-column is-layout-flow wp-block-column-is-layout-flow\">\n<figure class=\"wp-block-image size-full is-resized\"><img loading=\"lazy\" decoding=\"async\" width=\"259\" height=\"194\" src=\"https:\/\/portico.com.pt\/portico\/wp-content\/uploads\/2024\/10\/images.jpg\" alt=\"\" class=\"wp-image-29574\" style=\"width:372px;height:auto\"\/><\/figure>\n<\/div>\n\n\n\n<div class=\"wp-block-column is-layout-flow wp-block-column-is-layout-flow\"><\/div>\n<\/div>\n\n\n\n<p><\/p>\n","protected":false},"excerpt":{"rendered":"<p>No Mercado da Constru\u00e7\u00e3o o principal objetivo \u00e9 maximizar a rentabilidade do investimento, desde a \u201cquest\u00e3o mais simples\u201d at\u00e9 \u00e0 op\u00e7\u00e3o econ\u00f3mica mais complexa, passando pela elucida\u00e7\u00e3o e assist\u00eancia t\u00e9cnica, com especial incid\u00eancia no alerta para os poss\u00edveis erros que possam ocorrer durante o processo. Ainda fazemos an\u00e1lise de propostas, valora\u00e7\u00f5es, avalia\u00e7\u00f5es, analisamos projetos, damos&hellip;&nbsp;<a href=\"https:\/\/portico.megabit.pt\/portico\/consultoria-e-prestacao-de-servicos\/\" class=\"\" rel=\"bookmark\">Ler mais &raquo;<span class=\"screen-reader-text\">Consultoria e Presta\u00e7\u00e3o de Servi\u00e7os<\/span><\/a><\/p>\n","protected":false},"author":1,"featured_media":0,"parent":0,"menu_order":0,"comment_status":"closed","ping_status":"closed","template":"","meta":{"_monsterinsights_skip_tracking":false,"_monsterinsights_sitenote_active":false,"_monsterinsights_sitenote_note":"","_monsterinsights_sitenote_category":0,"neve_meta_sidebar":"","neve_meta_container":"","neve_meta_enable_content_width":"","neve_meta_content_width":0,"neve_meta_title_alignment":"","neve_meta_author_avatar":"","neve_post_elements_order":"","neve_meta_disable_header":"","neve_meta_disable_footer":"","neve_meta_disable_title":"","_themeisle_gutenberg_block_has_review":false,"_ti_tpc_template_sync":false,"_ti_tpc_template_id":"","footnotes":""},"class_list":["post-25718","page","type-page","status-publish","hentry"],"yoast_head":"<!-- This site is optimized with the Yoast SEO plugin v22.0 - https:\/\/yoast.com\/wordpress\/plugins\/seo\/ -->\n<title>Consultoria e Presta\u00e7\u00e3o de Servi\u00e7os - P\u00f3rtico - Arquitetura e Engenharia, Lda<\/title>\n<meta name=\"robots\" content=\"index, follow, max-snippet:-1, max-image-preview:large, max-video-preview:-1\" \/>\n<link rel=\"canonical\" href=\"https:\/\/portico.megabit.pt\/portico\/consultoria-e-prestacao-de-servicos\/\" \/>\n<meta property=\"og:locale\" content=\"pt_PT\" \/>\n<meta property=\"og:type\" content=\"article\" \/>\n<meta property=\"og:title\" content=\"Consultoria e Presta\u00e7\u00e3o de Servi\u00e7os - P\u00f3rtico - Arquitetura e Engenharia, Lda\" \/>\n<meta property=\"og:description\" content=\"No Mercado da Constru\u00e7\u00e3o o principal objetivo \u00e9 maximizar a rentabilidade do investimento, desde a \u201cquest\u00e3o mais simples\u201d at\u00e9 \u00e0 op\u00e7\u00e3o econ\u00f3mica mais complexa, passando pela elucida\u00e7\u00e3o e assist\u00eancia t\u00e9cnica, com especial incid\u00eancia no alerta para os poss\u00edveis erros que possam ocorrer durante o processo. Ainda fazemos an\u00e1lise de propostas, valora\u00e7\u00f5es, avalia\u00e7\u00f5es, analisamos projetos, damos&hellip;&nbsp;Ler mais &raquo;Consultoria e Presta\u00e7\u00e3o de Servi\u00e7os\" \/>\n<meta property=\"og:url\" content=\"https:\/\/portico.megabit.pt\/portico\/consultoria-e-prestacao-de-servicos\/\" \/>\n<meta property=\"og:site_name\" content=\"P\u00f3rtico - Arquitetura e Engenharia, Lda\" \/>\n<meta property=\"article:modified_time\" content=\"2024-10-13T11:27:31+00:00\" \/>\n<meta property=\"og:image\" content=\"https:\/\/portico.com.pt\/portico\/wp-content\/uploads\/2024\/02\/Design-sem-nome-72.png\" \/>\n<meta name=\"twitter:card\" content=\"summary_large_image\" \/>\n<meta name=\"twitter:label1\" content=\"Tempo estimado de leitura\" \/>\n\t<meta name=\"twitter:data1\" content=\"4 minutos\" \/>\n<script type=\"application\/ld+json\" class=\"yoast-schema-graph\">{\"@context\":\"https:\/\/schema.org\",\"@graph\":[{\"@type\":\"WebPage\",\"@id\":\"https:\/\/portico.megabit.pt\/portico\/consultoria-e-prestacao-de-servicos\/\",\"url\":\"https:\/\/portico.megabit.pt\/portico\/consultoria-e-prestacao-de-servicos\/\",\"name\":\"Consultoria e Presta\u00e7\u00e3o de Servi\u00e7os - P\u00f3rtico - Arquitetura e Engenharia, Lda\",\"isPartOf\":{\"@id\":\"https:\/\/portico.megabit.pt\/portico\/#website\"},\"datePublished\":\"2023-05-08T10:04:55+00:00\",\"dateModified\":\"2024-10-13T11:27:31+00:00\",\"breadcrumb\":{\"@id\":\"https:\/\/portico.megabit.pt\/portico\/consultoria-e-prestacao-de-servicos\/#breadcrumb\"},\"inLanguage\":\"pt-PT\",\"potentialAction\":[{\"@type\":\"ReadAction\",\"target\":[\"https:\/\/portico.megabit.pt\/portico\/consultoria-e-prestacao-de-servicos\/\"]}]},{\"@type\":\"BreadcrumbList\",\"@id\":\"https:\/\/portico.megabit.pt\/portico\/consultoria-e-prestacao-de-servicos\/#breadcrumb\",\"itemListElement\":[{\"@type\":\"ListItem\",\"position\":1,\"name\":\"In\u00edcio\",\"item\":\"https:\/\/portico.megabit.pt\/portico\/\"},{\"@type\":\"ListItem\",\"position\":2,\"name\":\"Consultoria e Presta\u00e7\u00e3o de Servi\u00e7os\"}]},{\"@type\":\"WebSite\",\"@id\":\"https:\/\/portico.megabit.pt\/portico\/#website\",\"url\":\"https:\/\/portico.megabit.pt\/portico\/\",\"name\":\"P\u00f3rtico - Arquitetura e Engenharia, Lda\",\"description\":\"Arquitetura e Engenharia, Lda.\",\"publisher\":{\"@id\":\"https:\/\/portico.megabit.pt\/portico\/#organization\"},\"potentialAction\":[{\"@type\":\"SearchAction\",\"target\":{\"@type\":\"EntryPoint\",\"urlTemplate\":\"https:\/\/portico.megabit.pt\/portico\/?s={search_term_string}\"},\"query-input\":\"required name=search_term_string\"}],\"inLanguage\":\"pt-PT\"},{\"@type\":\"Organization\",\"@id\":\"https:\/\/portico.megabit.pt\/portico\/#organization\",\"name\":\"P\u00f3rtico - Arquitetura e Engenharia, Lda\",\"url\":\"https:\/\/portico.megabit.pt\/portico\/\",\"logo\":{\"@type\":\"ImageObject\",\"inLanguage\":\"pt-PT\",\"@id\":\"https:\/\/portico.megabit.pt\/portico\/#\/schema\/logo\/image\/\",\"url\":\"https:\/\/portico.megabit.pt\/portico\/wp-content\/uploads\/2020\/12\/Group-2-1.png\",\"contentUrl\":\"https:\/\/portico.megabit.pt\/portico\/wp-content\/uploads\/2020\/12\/Group-2-1.png\",\"width\":210,\"height\":369,\"caption\":\"P\u00f3rtico - Arquitetura e Engenharia, Lda\"},\"image\":{\"@id\":\"https:\/\/portico.megabit.pt\/portico\/#\/schema\/logo\/image\/\"}}]}<\/script>\n<!-- \/ Yoast SEO plugin. -->","yoast_head_json":{"title":"Consultoria e Presta\u00e7\u00e3o de Servi\u00e7os - P\u00f3rtico - Arquitetura e Engenharia, Lda","robots":{"index":"index","follow":"follow","max-snippet":"max-snippet:-1","max-image-preview":"max-image-preview:large","max-video-preview":"max-video-preview:-1"},"canonical":"https:\/\/portico.megabit.pt\/portico\/consultoria-e-prestacao-de-servicos\/","og_locale":"pt_PT","og_type":"article","og_title":"Consultoria e Presta\u00e7\u00e3o de Servi\u00e7os - P\u00f3rtico - Arquitetura e Engenharia, Lda","og_description":"No Mercado da Constru\u00e7\u00e3o o principal objetivo \u00e9 maximizar a rentabilidade do investimento, desde a \u201cquest\u00e3o mais simples\u201d at\u00e9 \u00e0 op\u00e7\u00e3o econ\u00f3mica mais complexa, passando pela elucida\u00e7\u00e3o e assist\u00eancia t\u00e9cnica, com especial incid\u00eancia no alerta para os poss\u00edveis erros que possam ocorrer durante o processo. Ainda fazemos an\u00e1lise de propostas, valora\u00e7\u00f5es, avalia\u00e7\u00f5es, analisamos projetos, damos&hellip;&nbsp;Ler mais &raquo;Consultoria e Presta\u00e7\u00e3o de Servi\u00e7os","og_url":"https:\/\/portico.megabit.pt\/portico\/consultoria-e-prestacao-de-servicos\/","og_site_name":"P\u00f3rtico - Arquitetura e Engenharia, Lda","article_modified_time":"2024-10-13T11:27:31+00:00","og_image":[{"url":"https:\/\/portico.com.pt\/portico\/wp-content\/uploads\/2024\/02\/Design-sem-nome-72.png"}],"twitter_card":"summary_large_image","twitter_misc":{"Tempo estimado de leitura":"4 minutos"},"schema":{"@context":"https:\/\/schema.org","@graph":[{"@type":"WebPage","@id":"https:\/\/portico.megabit.pt\/portico\/consultoria-e-prestacao-de-servicos\/","url":"https:\/\/portico.megabit.pt\/portico\/consultoria-e-prestacao-de-servicos\/","name":"Consultoria e Presta\u00e7\u00e3o de Servi\u00e7os - P\u00f3rtico - Arquitetura e Engenharia, Lda","isPartOf":{"@id":"https:\/\/portico.megabit.pt\/portico\/#website"},"datePublished":"2023-05-08T10:04:55+00:00","dateModified":"2024-10-13T11:27:31+00:00","breadcrumb":{"@id":"https:\/\/portico.megabit.pt\/portico\/consultoria-e-prestacao-de-servicos\/#breadcrumb"},"inLanguage":"pt-PT","potentialAction":[{"@type":"ReadAction","target":["https:\/\/portico.megabit.pt\/portico\/consultoria-e-prestacao-de-servicos\/"]}]},{"@type":"BreadcrumbList","@id":"https:\/\/portico.megabit.pt\/portico\/consultoria-e-prestacao-de-servicos\/#breadcrumb","itemListElement":[{"@type":"ListItem","position":1,"name":"In\u00edcio","item":"https:\/\/portico.megabit.pt\/portico\/"},{"@type":"ListItem","position":2,"name":"Consultoria e Presta\u00e7\u00e3o de Servi\u00e7os"}]},{"@type":"WebSite","@id":"https:\/\/portico.megabit.pt\/portico\/#website","url":"https:\/\/portico.megabit.pt\/portico\/","name":"P\u00f3rtico - Arquitetura e Engenharia, Lda","description":"Arquitetura e Engenharia, Lda.","publisher":{"@id":"https:\/\/portico.megabit.pt\/portico\/#organization"},"potentialAction":[{"@type":"SearchAction","target":{"@type":"EntryPoint","urlTemplate":"https:\/\/portico.megabit.pt\/portico\/?s={search_term_string}"},"query-input":"required name=search_term_string"}],"inLanguage":"pt-PT"},{"@type":"Organization","@id":"https:\/\/portico.megabit.pt\/portico\/#organization","name":"P\u00f3rtico - Arquitetura e Engenharia, Lda","url":"https:\/\/portico.megabit.pt\/portico\/","logo":{"@type":"ImageObject","inLanguage":"pt-PT","@id":"https:\/\/portico.megabit.pt\/portico\/#\/schema\/logo\/image\/","url":"https:\/\/portico.megabit.pt\/portico\/wp-content\/uploads\/2020\/12\/Group-2-1.png","contentUrl":"https:\/\/portico.megabit.pt\/portico\/wp-content\/uploads\/2020\/12\/Group-2-1.png","width":210,"height":369,"caption":"P\u00f3rtico - Arquitetura e Engenharia, Lda"},"image":{"@id":"https:\/\/portico.megabit.pt\/portico\/#\/schema\/logo\/image\/"}}]}},"_links":{"self":[{"href":"https:\/\/portico.megabit.pt\/portico\/wp-json\/wp\/v2\/pages\/25718","targetHints":{"allow":["GET"]}}],"collection":[{"href":"https:\/\/portico.megabit.pt\/portico\/wp-json\/wp\/v2\/pages"}],"about":[{"href":"https:\/\/portico.megabit.pt\/portico\/wp-json\/wp\/v2\/types\/page"}],"author":[{"embeddable":true,"href":"https:\/\/portico.megabit.pt\/portico\/wp-json\/wp\/v2\/users\/1"}],"replies":[{"embeddable":true,"href":"https:\/\/portico.megabit.pt\/portico\/wp-json\/wp\/v2\/comments?post=25718"}],"version-history":[{"count":21,"href":"https:\/\/portico.megabit.pt\/portico\/wp-json\/wp\/v2\/pages\/25718\/revisions"}],"predecessor-version":[{"id":29575,"href":"https:\/\/portico.megabit.pt\/portico\/wp-json\/wp\/v2\/pages\/25718\/revisions\/29575"}],"wp:attachment":[{"href":"https:\/\/portico.megabit.pt\/portico\/wp-json\/wp\/v2\/media?parent=25718"}],"curies":[{"name":"wp","href":"https:\/\/api.w.org\/{rel}","templated":true}]}}