{"id":25500,"date":"2023-05-06T00:15:39","date_gmt":"2023-05-06T00:15:39","guid":{"rendered":"https:\/\/dsmarketing.pt\/portico\/?page_id=25500"},"modified":"2024-03-27T17:33:16","modified_gmt":"2024-03-27T17:33:16","slug":"certificacoes","status":"publish","type":"page","link":"https:\/\/portico.megabit.pt\/portico\/certificacoes\/","title":{"rendered":"Certifica\u00e7\u00f5es"},"content":{"rendered":"\n<div class=\"wp-block-columns is-layout-flex wp-container-core-columns-is-layout-9d6595d7 wp-block-columns-is-layout-flex\">\n<div class=\"wp-block-column is-layout-flow wp-block-column-is-layout-flow\"><\/div>\n<\/div>\n\n\n\n<h3 class=\"wp-block-heading\">Neg\u00f3cio<\/h3>\n\n\n\n<figure class=\"wp-block-image size-large is-resized\"><a href=\"https:\/\/portico.com.pt\/portico\/wp-content\/uploads\/2024\/02\/Diploma_page-0001.jpg\"><img loading=\"lazy\" decoding=\"async\" width=\"1024\" height=\"724\" src=\"https:\/\/portico.com.pt\/portico\/wp-content\/uploads\/2024\/03\/Diploma_page-0001-3-1024x724.jpg\" alt=\"\" class=\"wp-image-28704\" style=\"width:506px;height:auto\" srcset=\"https:\/\/portico.megabit.pt\/portico\/wp-content\/uploads\/2024\/03\/Diploma_page-0001-3-1024x724.jpg 1024w, https:\/\/portico.megabit.pt\/portico\/wp-content\/uploads\/2024\/03\/Diploma_page-0001-3-300x212.jpg 300w, https:\/\/portico.megabit.pt\/portico\/wp-content\/uploads\/2024\/03\/Diploma_page-0001-3-768x543.jpg 768w, https:\/\/portico.megabit.pt\/portico\/wp-content\/uploads\/2024\/03\/Diploma_page-0001-3-1536x1085.jpg 1536w, https:\/\/portico.megabit.pt\/portico\/wp-content\/uploads\/2024\/03\/Diploma_page-0001-3.jpg 1755w\" sizes=\"auto, (max-width: 1024px) 100vw, 1024px\" \/><\/a><\/figure>\n\n\n\n<p><mark style=\"background-color:rgba(0, 0, 0, 0)\" class=\"has-inline-color has-nv-light-bg-color\">l<\/mark><\/p>\n\n\n\n<h3 class=\"wp-block-heading\">sistema gest\u00e3o de qualidade<\/h3>\n\n\n\n<div class=\"wp-block-columns is-layout-flex wp-container-core-columns-is-layout-9d6595d7 wp-block-columns-is-layout-flex\">\n<div class=\"wp-block-column is-layout-flow wp-block-column-is-layout-flow\">\n<figure class=\"wp-block-image size-full\"><a href=\"https:\/\/portico.com.pt\/portico\/wp-content\/uploads\/2024\/03\/APCER.pdf\"><img loading=\"lazy\" decoding=\"async\" width=\"985\" height=\"695\" src=\"https:\/\/portico.com.pt\/portico\/wp-content\/uploads\/2024\/03\/APCER.png\" alt=\"\" class=\"wp-image-29096\" srcset=\"https:\/\/portico.megabit.pt\/portico\/wp-content\/uploads\/2024\/03\/APCER.png 985w, https:\/\/portico.megabit.pt\/portico\/wp-content\/uploads\/2024\/03\/APCER-300x212.png 300w, https:\/\/portico.megabit.pt\/portico\/wp-content\/uploads\/2024\/03\/APCER-768x542.png 768w\" sizes=\"auto, (max-width: 985px) 100vw, 985px\" \/><\/a><\/figure>\n<\/div>\n\n\n\n<div class=\"wp-block-column is-layout-flow wp-block-column-is-layout-flow\">\n<figure class=\"wp-block-image size-full is-resized\"><a href=\"https:\/\/portico.com.pt\/portico\/wp-content\/uploads\/2024\/03\/LQNET.pdf\"><img loading=\"lazy\" decoding=\"async\" width=\"485\" height=\"687\" src=\"https:\/\/portico.com.pt\/portico\/wp-content\/uploads\/2024\/03\/LQNET.png\" alt=\"\" class=\"wp-image-29097\" style=\"width:281px;height:auto\" srcset=\"https:\/\/portico.megabit.pt\/portico\/wp-content\/uploads\/2024\/03\/LQNET.png 485w, https:\/\/portico.megabit.pt\/portico\/wp-content\/uploads\/2024\/03\/LQNET-212x300.png 212w\" sizes=\"auto, (max-width: 485px) 100vw, 485px\" \/><\/a><\/figure>\n<\/div>\n<\/div>\n\n\n\n<p><\/p>\n\n\n\n<h3 class=\"wp-block-heading\">LNEC<\/h3>\n\n\n\n<figure class=\"wp-block-image size-full is-resized\"><a href=\"https:\/\/portico.com.pt\/portico\/wp-content\/uploads\/2024\/02\/2025-02-LNEC.pdf\"><img loading=\"lazy\" decoding=\"async\" width=\"725\" height=\"1024\" src=\"https:\/\/portico.com.pt\/portico\/wp-content\/uploads\/2024\/03\/2025-02-LNEC_page-0001-725x1024-5.jpg\" alt=\"\" class=\"wp-image-28711\" style=\"width:283px;height:auto\" srcset=\"https:\/\/portico.megabit.pt\/portico\/wp-content\/uploads\/2024\/03\/2025-02-LNEC_page-0001-725x1024-5.jpg 725w, https:\/\/portico.megabit.pt\/portico\/wp-content\/uploads\/2024\/03\/2025-02-LNEC_page-0001-725x1024-5-212x300.jpg 212w\" sizes=\"auto, (max-width: 725px) 100vw, 725px\" \/><\/a><\/figure>\n\n\n\n<p><\/p>\n\n\n\n<h3 class=\"wp-block-heading\">Avaliadores imobili\u00e1rios<\/h3>\n\n\n<div class=\"wp-block-image\">\n<figure class=\"alignleft size-full is-resized\"><a href=\"https:\/\/portico.com.pt\/portico\/wp-content\/uploads\/2024\/03\/CMVM.pdf\"><img loading=\"lazy\" decoding=\"async\" width=\"556\" height=\"783\" src=\"https:\/\/portico.com.pt\/portico\/wp-content\/uploads\/2024\/03\/CMVM.png\" alt=\"\" class=\"wp-image-29095\" style=\"width:383px;height:auto\" srcset=\"https:\/\/portico.megabit.pt\/portico\/wp-content\/uploads\/2024\/03\/CMVM.png 556w, https:\/\/portico.megabit.pt\/portico\/wp-content\/uploads\/2024\/03\/CMVM-213x300.png 213w\" sizes=\"auto, (max-width: 556px) 100vw, 556px\" \/><\/a><\/figure>\n<\/div>","protected":false},"excerpt":{"rendered":"<p>Neg\u00f3cio l sistema gest\u00e3o de qualidade LNEC Avaliadores imobili\u00e1rios<\/p>\n","protected":false},"author":1,"featured_media":0,"parent":0,"menu_order":0,"comment_status":"closed","ping_status":"closed","template":"","meta":{"_monsterinsights_skip_tracking":false,"_monsterinsights_sitenote_active":false,"_monsterinsights_sitenote_note":"","_monsterinsights_sitenote_category":0,"neve_meta_sidebar":"","neve_meta_container":"","neve_meta_enable_content_width":"","neve_meta_content_width":0,"neve_meta_title_alignment":"","neve_meta_author_avatar":"","neve_post_elements_order":"","neve_meta_disable_header":"","neve_meta_disable_footer":"","neve_meta_disable_title":"","_themeisle_gutenberg_block_has_review":false,"_ti_tpc_template_sync":false,"_ti_tpc_template_id":"","footnotes":""},"class_list":["post-25500","page","type-page","status-publish","hentry"],"yoast_head":"<!-- This site is optimized with the Yoast SEO plugin v22.0 - https:\/\/yoast.com\/wordpress\/plugins\/seo\/ -->\n<title>Certifica\u00e7\u00f5es - P\u00f3rtico - Arquitetura e Engenharia, Lda<\/title>\n<meta name=\"robots\" content=\"index, follow, max-snippet:-1, max-image-preview:large, max-video-preview:-1\" \/>\n<link rel=\"canonical\" href=\"https:\/\/portico.megabit.pt\/portico\/certificacoes\/\" \/>\n<meta property=\"og:locale\" content=\"pt_PT\" \/>\n<meta property=\"og:type\" content=\"article\" \/>\n<meta property=\"og:title\" content=\"Certifica\u00e7\u00f5es - P\u00f3rtico - Arquitetura e Engenharia, Lda\" \/>\n<meta property=\"og:description\" content=\"Neg\u00f3cio l sistema gest\u00e3o de qualidade LNEC Avaliadores imobili\u00e1rios\" \/>\n<meta property=\"og:url\" content=\"https:\/\/portico.megabit.pt\/portico\/certificacoes\/\" \/>\n<meta property=\"og:site_name\" content=\"P\u00f3rtico - Arquitetura e Engenharia, Lda\" \/>\n<meta property=\"article:modified_time\" content=\"2024-03-27T17:33:16+00:00\" \/>\n<meta property=\"og:image\" content=\"https:\/\/portico.com.pt\/portico\/wp-content\/uploads\/2024\/03\/Diploma_page-0001-3-1024x724.jpg\" \/>\n<meta name=\"twitter:card\" content=\"summary_large_image\" \/>\n<meta name=\"twitter:label1\" content=\"Tempo estimado de leitura\" \/>\n\t<meta name=\"twitter:data1\" content=\"2 minutos\" \/>\n<script type=\"application\/ld+json\" class=\"yoast-schema-graph\">{\"@context\":\"https:\/\/schema.org\",\"@graph\":[{\"@type\":\"WebPage\",\"@id\":\"https:\/\/portico.megabit.pt\/portico\/certificacoes\/\",\"url\":\"https:\/\/portico.megabit.pt\/portico\/certificacoes\/\",\"name\":\"Certifica\u00e7\u00f5es - P\u00f3rtico - Arquitetura e Engenharia, Lda\",\"isPartOf\":{\"@id\":\"https:\/\/portico.megabit.pt\/portico\/#website\"},\"datePublished\":\"2023-05-06T00:15:39+00:00\",\"dateModified\":\"2024-03-27T17:33:16+00:00\",\"breadcrumb\":{\"@id\":\"https:\/\/portico.megabit.pt\/portico\/certificacoes\/#breadcrumb\"},\"inLanguage\":\"pt-PT\",\"potentialAction\":[{\"@type\":\"ReadAction\",\"target\":[\"https:\/\/portico.megabit.pt\/portico\/certificacoes\/\"]}]},{\"@type\":\"BreadcrumbList\",\"@id\":\"https:\/\/portico.megabit.pt\/portico\/certificacoes\/#breadcrumb\",\"itemListElement\":[{\"@type\":\"ListItem\",\"position\":1,\"name\":\"In\u00edcio\",\"item\":\"https:\/\/portico.megabit.pt\/portico\/\"},{\"@type\":\"ListItem\",\"position\":2,\"name\":\"Certifica\u00e7\u00f5es\"}]},{\"@type\":\"WebSite\",\"@id\":\"https:\/\/portico.megabit.pt\/portico\/#website\",\"url\":\"https:\/\/portico.megabit.pt\/portico\/\",\"name\":\"P\u00f3rtico - Arquitetura e Engenharia, Lda\",\"description\":\"Arquitetura e Engenharia, Lda.\",\"publisher\":{\"@id\":\"https:\/\/portico.megabit.pt\/portico\/#organization\"},\"potentialAction\":[{\"@type\":\"SearchAction\",\"target\":{\"@type\":\"EntryPoint\",\"urlTemplate\":\"https:\/\/portico.megabit.pt\/portico\/?s={search_term_string}\"},\"query-input\":\"required name=search_term_string\"}],\"inLanguage\":\"pt-PT\"},{\"@type\":\"Organization\",\"@id\":\"https:\/\/portico.megabit.pt\/portico\/#organization\",\"name\":\"P\u00f3rtico - Arquitetura e Engenharia, Lda\",\"url\":\"https:\/\/portico.megabit.pt\/portico\/\",\"logo\":{\"@type\":\"ImageObject\",\"inLanguage\":\"pt-PT\",\"@id\":\"https:\/\/portico.megabit.pt\/portico\/#\/schema\/logo\/image\/\",\"url\":\"https:\/\/portico.megabit.pt\/portico\/wp-content\/uploads\/2020\/12\/Group-2-1.png\",\"contentUrl\":\"https:\/\/portico.megabit.pt\/portico\/wp-content\/uploads\/2020\/12\/Group-2-1.png\",\"width\":210,\"height\":369,\"caption\":\"P\u00f3rtico - Arquitetura e Engenharia, Lda\"},\"image\":{\"@id\":\"https:\/\/portico.megabit.pt\/portico\/#\/schema\/logo\/image\/\"}}]}<\/script>\n<!-- \/ Yoast SEO plugin. -->","yoast_head_json":{"title":"Certifica\u00e7\u00f5es - P\u00f3rtico - Arquitetura e Engenharia, Lda","robots":{"index":"index","follow":"follow","max-snippet":"max-snippet:-1","max-image-preview":"max-image-preview:large","max-video-preview":"max-video-preview:-1"},"canonical":"https:\/\/portico.megabit.pt\/portico\/certificacoes\/","og_locale":"pt_PT","og_type":"article","og_title":"Certifica\u00e7\u00f5es - P\u00f3rtico - Arquitetura e Engenharia, Lda","og_description":"Neg\u00f3cio l sistema gest\u00e3o de qualidade LNEC Avaliadores imobili\u00e1rios","og_url":"https:\/\/portico.megabit.pt\/portico\/certificacoes\/","og_site_name":"P\u00f3rtico - Arquitetura e Engenharia, Lda","article_modified_time":"2024-03-27T17:33:16+00:00","og_image":[{"url":"https:\/\/portico.com.pt\/portico\/wp-content\/uploads\/2024\/03\/Diploma_page-0001-3-1024x724.jpg"}],"twitter_card":"summary_large_image","twitter_misc":{"Tempo estimado de leitura":"2 minutos"},"schema":{"@context":"https:\/\/schema.org","@graph":[{"@type":"WebPage","@id":"https:\/\/portico.megabit.pt\/portico\/certificacoes\/","url":"https:\/\/portico.megabit.pt\/portico\/certificacoes\/","name":"Certifica\u00e7\u00f5es - P\u00f3rtico - Arquitetura e Engenharia, Lda","isPartOf":{"@id":"https:\/\/portico.megabit.pt\/portico\/#website"},"datePublished":"2023-05-06T00:15:39+00:00","dateModified":"2024-03-27T17:33:16+00:00","breadcrumb":{"@id":"https:\/\/portico.megabit.pt\/portico\/certificacoes\/#breadcrumb"},"inLanguage":"pt-PT","potentialAction":[{"@type":"ReadAction","target":["https:\/\/portico.megabit.pt\/portico\/certificacoes\/"]}]},{"@type":"BreadcrumbList","@id":"https:\/\/portico.megabit.pt\/portico\/certificacoes\/#breadcrumb","itemListElement":[{"@type":"ListItem","position":1,"name":"In\u00edcio","item":"https:\/\/portico.megabit.pt\/portico\/"},{"@type":"ListItem","position":2,"name":"Certifica\u00e7\u00f5es"}]},{"@type":"WebSite","@id":"https:\/\/portico.megabit.pt\/portico\/#website","url":"https:\/\/portico.megabit.pt\/portico\/","name":"P\u00f3rtico - Arquitetura e Engenharia, Lda","description":"Arquitetura e Engenharia, Lda.","publisher":{"@id":"https:\/\/portico.megabit.pt\/portico\/#organization"},"potentialAction":[{"@type":"SearchAction","target":{"@type":"EntryPoint","urlTemplate":"https:\/\/portico.megabit.pt\/portico\/?s={search_term_string}"},"query-input":"required name=search_term_string"}],"inLanguage":"pt-PT"},{"@type":"Organization","@id":"https:\/\/portico.megabit.pt\/portico\/#organization","name":"P\u00f3rtico - Arquitetura e Engenharia, Lda","url":"https:\/\/portico.megabit.pt\/portico\/","logo":{"@type":"ImageObject","inLanguage":"pt-PT","@id":"https:\/\/portico.megabit.pt\/portico\/#\/schema\/logo\/image\/","url":"https:\/\/portico.megabit.pt\/portico\/wp-content\/uploads\/2020\/12\/Group-2-1.png","contentUrl":"https:\/\/portico.megabit.pt\/portico\/wp-content\/uploads\/2020\/12\/Group-2-1.png","width":210,"height":369,"caption":"P\u00f3rtico - Arquitetura e Engenharia, Lda"},"image":{"@id":"https:\/\/portico.megabit.pt\/portico\/#\/schema\/logo\/image\/"}}]}},"_links":{"self":[{"href":"https:\/\/portico.megabit.pt\/portico\/wp-json\/wp\/v2\/pages\/25500","targetHints":{"allow":["GET"]}}],"collection":[{"href":"https:\/\/portico.megabit.pt\/portico\/wp-json\/wp\/v2\/pages"}],"about":[{"href":"https:\/\/portico.megabit.pt\/portico\/wp-json\/wp\/v2\/types\/page"}],"author":[{"embeddable":true,"href":"https:\/\/portico.megabit.pt\/portico\/wp-json\/wp\/v2\/users\/1"}],"replies":[{"embeddable":true,"href":"https:\/\/portico.megabit.pt\/portico\/wp-json\/wp\/v2\/comments?post=25500"}],"version-history":[{"count":81,"href":"https:\/\/portico.megabit.pt\/portico\/wp-json\/wp\/v2\/pages\/25500\/revisions"}],"predecessor-version":[{"id":29107,"href":"https:\/\/portico.megabit.pt\/portico\/wp-json\/wp\/v2\/pages\/25500\/revisions\/29107"}],"wp:attachment":[{"href":"https:\/\/portico.megabit.pt\/portico\/wp-json\/wp\/v2\/media?parent=25500"}],"curies":[{"name":"wp","href":"https:\/\/api.w.org\/{rel}","templated":true}]}}